{"id":91,"date":"2023-04-11T18:22:39","date_gmt":"2023-04-11T16:22:39","guid":{"rendered":"https:\/\/ambasciatapraga.esteri.it\/?page_id=91"},"modified":"2025-07-10T10:26:02","modified_gmt":"2025-07-10T06:26:02","slug":"traduzione-e-legalizzazione-dei-documenti","status":"publish","type":"page","link":"https:\/\/ambtbilisi.esteri.it\/it\/servizi-consolari-e-visti\/servizi-per-il-cittadino-straniero\/traduzione-e-legalizzazione-dei-documenti\/","title":{"rendered":"Traduzione e legalizzazione dei documenti"},"content":{"rendered":"<p><strong>Legalizzazioni<\/strong><\/p>\n<p>Nel rinviare per informazioni generali sulle legalizzazioni e apostille alle relative\u00a0<a href=\"https:\/\/www.esteri.it\/it\/servizi-consolari-e-visti\/normativa_consolare\/serviziconsolari\/traduzionelegalizzazionenormativa\/\"><strong>pagine <\/strong><\/a>del sito del MAECI italiano, precisiamo quanto segue.<br \/>\nLa legalizzazione degli atti pubblici stranieri \u00e8 stata abolita per tutti quei paesi che hanno aderito alla Convenzione dell\u2019Aja del 05.10.1961 (la Georgia lo ha ratificato nel 2007) ed \u00e8 stata sostituita con la Postilla\/Apostille.<\/p>\n<p>Pertanto, affinch\u00e9 i documenti georgiani vengano riconosciuti in Italia, essi dovranno essere muniti di apostille e dovranno essere tradotti in lingua italiana\u00a0(una lista di &#8220;professionisti di riferimento&#8221; per le traduzioni \u00e8 scaricabile dalla\u00a0<a href=\"https:\/\/ambtbilisi.esteri.it\/it\/servizi-consolari-e-visti\/\"><strong>pagina principale<\/strong><\/a> dei Servizi Consolari).<\/p>\n<p>La traduzione dovr\u00e0 poi essere certificata dall&#8217;Ambasciata d&#8217;Italia a Tbilisi (il servizio \u00e8 a pagamento \u2013 i documenti potranno essere consegnati alla Cancelleria Consolare\u00a0<a href=\"https:\/\/ambtbilisi.esteri.it\/it\/servizi-consolari-e-visti\/\"><strong>nei giorni e negli orari di <\/strong><strong>apertura al pubblico<\/strong><\/a>).<\/p>\n<p>&nbsp;<\/p>\n<p><strong>Dichiarazioni di valore dei titoli di studio<\/strong><\/p>\n<p>Gli stranieri e gli italiani residenti all\u2019estero possono accedere alle Universit\u00e0 italiane presentando alla Cancelleria Consolare il &#8220;Modulo di richiesta documentazione a fini di studio&#8221; scaricabile dalla sezione\u00a0<a href=\"https:\/\/ambtbilisi.esteri.it\/it\/servizi-consolari-e-visti\/servizi-per-il-cittadino-italiano\/modulistica-consolare\/\"><strong>modulistica<\/strong><\/a>, che deve essere corredato dalla documentazione prescritta. Questa documentazione deve essere approvata dalle competenti Autorit\u00e0 italiane in base alla valutazione dei titoli di studio conseguiti all\u2019estero. Il Consolato deve inoltre accertare e certificare che i titoli di studio di scuola media superiore consentano l\u2019ammissione ai corsi universitari nell\u2019ordinamento del paese nel quale sono stati conseguiti (&#8220;Dichiarazione di valore&#8221;).<\/p>\n<p>Per ottenere una dichiarazione di valore \u00e8 necessario presentare a questo Ufficio la seguente documentazione:<\/p>\n<ul>\n<li>L\u2019originale titolo di studio per il quale si richiede la dichiarazione di valore, con il relativo allegato della votazione conseguita. Entrambi i documenti dovranno essere legalizzati con apostille dal\u00a0Centro Nazionale per il Miglioramento della Qualit\u00e0 dell&#8217;Istruzione <a href=\"https:\/\/eqe.ge\/en\">https:\/\/eqe.ge\/en<\/a> presso il Ministero dell&#8217;Istruzione e della Scienza della Georgia (via M. Aleksidze 1, 0193 Tbilisi);<\/li>\n<li>Un certificato di autenticit\u00e0 del titolo di studio in questione rilasciato dal Centro Nazionale per il Miglioramento della Qualit\u00e0 dell&#8217;Istruzione presso il Ministero dell&#8217;Istruzione e della Scienza della Georgia.<\/li>\n<\/ul>\n<p>Il Centro deve esplicitamente indicare:<\/p>\n<p><strong>per la Maturit\u00e0:<\/strong><\/p>\n<ul>\n<li>il numero di anni per il conseguimento della maturit\u00e0 nel periodo di riferimento;<\/li>\n<li>che il titolo abilita il titolare ad iscriversi a tutte le facolt\u00e0 universitarie previ esami di ammissione;<\/li>\n<li>il sistema di votazione riportata nell\u2019allegato alla maturit\u00e0.<\/li>\n<\/ul>\n<p><strong>Per i Diplomi di Laurea:<\/strong><\/p>\n<ul>\n<li>che l\u2019iscrizione universitaria \u00e8 subordinata al possesso della maturit\u00e0 (conseguita nel periodo di riferimento dopo \u201ctot\u201d\u00a0 anni di studio);<\/li>\n<li>la durata del corso di laurea in questione (per le lauree del vecchio ordinamento deve essere annotato che esse sono equiparate alle magistrali del nuovo ordinamento);<\/li>\n<li>il sistema di votazione che risulta nell\u2019allegato al titolo.<\/li>\n<\/ul>\n<p><strong>Importante<\/strong>: qualora i titoli siano stati rilasciati da strutture private, nella dichiarazione del Centro Nazionale per il Miglioramento della Qualit\u00e0 dell&#8217;Istruzione dovr\u00e0 essere specificato il riconoscimento da parte del Ministero dell\u2019Istruzione\u00a0 e dovr\u00e0 essere indicato il numero e la data della relativa licenza.<\/p>\n<p>Per i titoli di studio conseguiti in medicina, qualora venga richiesta la dichiarazione di valore per abilitazione professionale, oltre al diploma di Laurea, sar\u00e0 necessario presentare anche la Licenza di abilitazione (tutto dovr\u00e0 essere legalizzato con apostille e tradotto in lingua italiana).<\/p>\n<p><strong>Tutti i documenti dovranno essere tradotti in lingua italiana<\/strong>\u00a0(una <a href=\"https:\/\/ambtbilisi.esteri.it\/wp-content\/uploads\/2023\/10\/sito_lista_traduttori.doc\"><strong>lista di &#8220;professionisti di riferimento&#8221;<\/strong><\/a> per le traduzioni \u00e8 scaricabile dalla\u00a0pagina principale dei Servizi Consolari).<\/p>\n<p><strong><br \/>\nIndicazioni e informazioni sul quadro normativo italiano<\/strong><\/p>\n<p>Per una pi\u00f9 approfondita disamina delle attuali forme di riconoscimento dei titoli di studio si rimanda alla lettura di quanto schematicamente riportato sul sito del Centro di Informazione sulle Mobilit\u00e0 ed Equipollenze Accademiche (CIMEA) alla pagina\u00a0<a href=\"https:\/\/www.cimea.it\/pagina-servizi\">http:\/\/www.cimea.it\/en\/index.aspx<\/a><\/p>\n<p>Considerato che i titoli di studio o professionali conseguiti all\u2019estero non hanno di per se valore legale in Italia, per ottenere il riconoscimento del titolo di studio, il richiedente deve presentare all\u2019Amministrazione italiana competente la Dichiarazione di Valore, documento che viene rilasciato dalle Ambasciate e dai Consolati italiani. Si precisa tuttavia al riguardo che la competenza per il riconoscimento dei cicli e dei periodi di studio svolti all\u2019estero e dei titoli di studio stranieri, ai fini dell\u2019accesso all\u2019istruzione superiore, del proseguimento degli studi universitari e del conseguimento dei titoli universitari italiani, \u00e8 attribuita alle singole Universit\u00e0 ed agli Istituti di Istruzione universitaria, che la esercitano nell\u2019ambito della loro autonomia e in conformit\u00e0 ai rispettivi ordinamenti, fatti salvi gli accordi bilaterali in materia. Tale procedura non trasforma il titolo estero di scuola secondaria in un titolo italiano ma consente l\u2019ingresso a corsi di laurea e post-laurea.<\/p>\n<p>Esistono inoltre procedure di riconoscimento finalizzate alla valutazione di titoli esteri, nel sistema italiano per scopi non accademici svolte da diverse amministrazioni dello Stato, come nel caso delle professioni \u201cregolamentate\u201d, il cui esercizio \u00e8 regolato dalla legislazione nazionale. La legge stabilisce sia il titolo di studio che i successivi requisiti di addestramento alla pratica della professione (per es. tirocinio e\/o esame di Stato per l\u2019abilitazione professionale) e le norme di deontologia professionale. Coloro che sono in possesso di un titolo professionale estero devono ottenerne il riconoscimento dalla competente autorit\u00e0 italiana allo scopo di poter esercitare legalmente in Italia la professione corrispondente.<\/p>\n<p>Per \u201ctitolo professionale\u201d si intende quello che nel Paese che lo ha rilasciato d\u00e0 diritto ad esercitare una determinata professione regolamentata. E\u2019 stato al riguardo istituito un Centro di assistenza per il riconoscimento delle qualifiche professionali presso il Dipartimento per le Politiche Europee della Presidenza del Consiglio dei Ministri. Per informazioni pi\u00f9 dettagliate si prega di consultare la scheda\u00a0cliccando <a href=\"https:\/\/ambtbilisi.esteri.it\/wp-content\/uploads\/resource\/doc\/2018\/03\/riconoscimento_delle_qualifiche_professionali.pdf\"><strong>qui<\/strong><\/a>.<\/p>\n<p>In sostanza, quindi, la Dichiarazione di Valore \u00e8 un documento informativo che ha la funzione di assicurare la massima trasparenza e consentire alle pubbliche amministrazioni di volta in volta competenti a valutare compiutamente il titolo per il quale viene chiesto il riconoscimento.<\/p>\n<p><strong>Importanti informazioni per coloro che intendano richiedere il riconoscimento di un titolo di studio o professionale rilasciato all\u2019estero<\/strong><\/p>\n<p>Si segnala che presso il gi\u00e0 citato CIMEA \u00e8 attivo il Credential Information Service (CIS), che rilascia un Attestato di Comparabilit\u00e0 di un titolo di studio estero e che svolge in parte funzioni analoghe a quelle della Dichiarazione di Valore. Tale attestato, ottenibile seguendo la procedura indicata sul portale CIMEA alla pagina <a href=\"https:\/\/www.cimea.it\/EN\/pagina-attestati-di-comparabilita-e-verifica-dei-titoli\">https:\/\/www.cimea.it\/EN\/pagina-attestati-di-comparabilita-e-verifica-dei-titoli<\/a>, fornisce informazioni riguardo al titolo, ma non ne garantisce tuttavia l\u2019autenticit\u00e0. Alla luce di ci\u00f2 e in considerazione della discrezionalit\u00e0 che ogni Amministrazione ha nel valutare i titoli esteri, l\u2019attestato di comparabilit\u00e0 non sempre viene ritenuto sufficiente e dunque tanto i Ministeri competenti per il riconoscimento delle qualifiche professionali, quanto numerose istituzioni accademiche, richiedono che gli istanti presentino anche la Dichiarazione di Valore.<\/p>\n<p>Si suggerisce infine a coloro che intendano presentare istanza di Dichiarazione di Valore, di effettuare in ogni caso le opportune verifiche con il CIMEA (<a href=\"mailto:info@cimea.it\">info@cimea.it<\/a>) e con la pubblica amministrazione che dovr\u00e0 valutare il titolo, in modo da accertare preventivamente se la Dichiarazione di Valore sia assolutamente necessaria o se sia sufficiente la presentazione dell\u2019attestato di comparabilit\u00e0 rilasciato dal CIMEA.<\/p>\n<p>&nbsp;<\/p>\n<p><a href=\"https:\/\/ambtbilisi.esteri.it\/wp-content\/uploads\/resource\/doc\/2023\/06\/informativa_tdp_per_servizi_consolari_ex_visti_e_cittadinanza__all.3__rev._feb.2023.docx\"><strong>Informativa sul\u00a0trattamento dei dati personali\u00a0ai fini dell\u2019erogazione dei servizi consolari\u00a0(ad esclusione del rilascio dei visti e delle pratiche di\u00a0cittadinanza)\u00a0(Regolamento Generale sulla Protezione dei Dati (UE) 2016\/679, art. 13\u00a0e 14)<\/strong><\/a><\/p>\n","protected":false},"excerpt":{"rendered":"Legalizzazioni Nel rinviare per informazioni generali sulle legalizzazioni e apostille alle relative\u00a0pagine del sito del MAECI italiano, precisiamo quanto segue. La legalizzazione degli atti pubblici stranieri \u00e8 stata abolita per tutti quei paesi che hanno aderito alla Convenzione dell\u2019Aja del 05.10.1961 (la Georgia lo ha ratificato nel 2007) ed \u00e8 stata sostituita con la Postilla\/Apostille. [&hellip;]","protected":false},"author":1,"featured_media":0,"parent":48,"menu_order":4,"comment_status":"closed","ping_status":"closed","template":"","meta":{"footnotes":""},"class_list":["post-91","page","type-page","status-publish","hentry"],"_links":{"self":[{"href":"https:\/\/ambtbilisi.esteri.it\/it\/wp-json\/wp\/v2\/pages\/91","targetHints":{"allow":["GET"]}}],"collection":[{"href":"https:\/\/ambtbilisi.esteri.it\/it\/wp-json\/wp\/v2\/pages"}],"about":[{"href":"https:\/\/ambtbilisi.esteri.it\/it\/wp-json\/wp\/v2\/types\/page"}],"author":[{"embeddable":true,"href":"https:\/\/ambtbilisi.esteri.it\/it\/wp-json\/wp\/v2\/users\/1"}],"replies":[{"embeddable":true,"href":"https:\/\/ambtbilisi.esteri.it\/it\/wp-json\/wp\/v2\/comments?post=91"}],"version-history":[{"count":5,"href":"https:\/\/ambtbilisi.esteri.it\/it\/wp-json\/wp\/v2\/pages\/91\/revisions"}],"predecessor-version":[{"id":5957,"href":"https:\/\/ambtbilisi.esteri.it\/it\/wp-json\/wp\/v2\/pages\/91\/revisions\/5957"}],"up":[{"embeddable":true,"href":"https:\/\/ambtbilisi.esteri.it\/it\/wp-json\/wp\/v2\/pages\/48"}],"wp:attachment":[{"href":"https:\/\/ambtbilisi.esteri.it\/it\/wp-json\/wp\/v2\/media?parent=91"}],"curies":[{"name":"wp","href":"https:\/\/api.w.org\/{rel}","templated":true}]}}