{"id":75,"date":"2023-04-11T18:20:20","date_gmt":"2023-04-11T16:20:20","guid":{"rendered":"https:\/\/ambasciatapraga.esteri.it\/?page_id=75"},"modified":"2026-01-12T12:07:20","modified_gmt":"2026-01-12T08:07:20","slug":"codice-fiscale","status":"publish","type":"page","link":"https:\/\/ambtbilisi.esteri.it\/it\/servizi-consolari-e-visti\/servizi-per-il-cittadino-italiano\/codice-fiscale\/","title":{"rendered":"Codice fiscale"},"content":{"rendered":"<p>Il codice fiscale \u00e8 il codice alfanumerico rilasciato dall\u2019Agenzia delle Entrate per identificare il cittadino (italiano o straniero) nei rapporti con le amministrazioni pubbliche, i privati e gli enti, italiani. Per le persone fisiche il codice fiscale viene determinato sulla base dei dati anagrafici.<\/p>\n<p>\u00c8 necessario per effettuare qualsiasi adempimento amministrativo (versamento di tasse, imposte, canoni, ecc.) o attivit\u00e0 negoziale (accettazione di eredit\u00e0, contratti con soggetti pubblici o privati, richiesta di finanziamenti, sponsorizzazioni, locazioni o comodati di bene immobile ecc.) esige l\u2019indicazione del codice fiscale del soggetto che la effettua.<\/p>\n<p>I\u00a0cittadini italiani\u00a0residenti all\u2019estero\u00a0possono chiedere il codice fiscale per il\u00a0tramite dell\u2019Ufficio consolare, oltre che\u00a0direttamente agli uffici dell\u2019Agenzia delle Entrate dislocati sul territorio italiano, ai sensi dell\u2019art. 1 del D.M. attuativo del 17 maggio 2001, n. 281, tenuto conto dell\u2019ampia articolazione e capillare diffusione di uffici dell\u2019Agenzia dell\u2019Entrate in Italia.<\/p>\n<p>I\u00a0cittadini stranieri non residenti in Italia\u00a0possono delegare\u00a0appositamente un soggetto a presentare il modello di richiesta del Codice Fiscale direttamente agli uffici dell\u2019Agenzia delle Entrate dislocati sul territorio italiano.<\/p>\n<p>&nbsp;<\/p>\n<p><strong>CITTADINI ITALIANI RESIDENTI ALL\u2019ESTERO ISCRITTI AIRE<\/strong><\/p>\n<p>I cittadini italiani maggiorenni iscritti all\u2019AIRE possono\u00a0chiedere\u00a0il codice fiscale, per s\u00e9 stessi e per i figli minorenni, attraverso il portale telematico <strong>Fast-it<\/strong> accedendo al relativo servizio e seguendo le indicazioni. Sempre attraverso il\u00a0portale Fast-it\u00a0sar\u00e0 possibile scaricare il certificato di attestazione del codice fiscale, una volta che sar\u00e0 stata completata la lavorazione della pratica.<\/p>\n<p><em>Come?<\/em><\/p>\n<ol>\n<li>Accedi al <a href=\"https:\/\/serviziconsolari.esteri.it\/#_blank\">Portale Fast It<\/a>;<\/li>\n<li>Clicca su \u201cAnagrafe Consolare e AIRE\u201d e poi su\u00a0\u201cAttribuzione Codice Fiscale\u201d;<\/li>\n<li>Conferma i dati e avvia la richiesta;<\/li>\n<li>Dopo che la richiesta sar\u00e0 stata lavorata dal Consolato, potrai scaricare in autonomia (download) il certificato di attribuzione del Codice Fiscale.<\/li>\n<\/ol>\n<p><em>\u00a0<\/em><em>Se non riesci a scaricare\u00a0il certificato di attribuzione del Codice Fiscale:<\/em><\/p>\n<ol>\n<li>Registrati sul\u00a0<a href=\"https:\/\/serviziconsolari.esteri.it\/#_blank\">Portale FAST IT<\/a>, oppure accedi se hai gi\u00e0 un account attivo;<\/li>\n<li>Richiedi la \u201cAssociazione Online\u201d cliccando su \u201cAnagrafe Consolare e AIRE\u201d e poi su \u201cVisualizzare la propria scheda anagrafica\u201d;<\/li>\n<li>Riceverai sulla tua casella di posta il messaggio di avvenuta associazione.<\/li>\n<li>Accedi nuovamente al portale e scarica il certificato.<\/li>\n<\/ol>\n<p>I cittadini maggiorenni iscritti all\u2019AIRE che hanno gi\u00e0 il codice fiscale possono\u00a0scaricare direttamente il certificato di attestazione del codice fiscale\u00a0attraverso il portale telematico Fast-it accedendo al relativo servizio e seguendo le indicazioni fornite per chiedere il codice fiscale; in questo caso non sar\u00e0 necessario l\u2019intervento del Consolato per il rilascio del certificato.<\/p>\n<p>Coloro che vogliano ricevere anche\u00a0il\u00a0tesserino\u00a0del codice fiscale, devono fare richiesta del codice fiscale e del tesserino presentando l\u2019apposito modulo unitamente alla copia di un documento d\u2019identit\u00e0.<\/p>\n<p>In caso di\u00a0smarrimento o distruzione del certificato cartaceo o del tesserino plastificato, pu\u00f2 essere richiesto il duplicato con le stesse modalit\u00e0 dell\u2019attribuzione.<\/p>\n<p>Per\u00a0ulteriori informazioni\u00a0si suggerisce di visitare il sito web dell\u2019Ufficio consolare competente.<\/p>\n<p>&nbsp;<\/p>\n<p><strong>CITTADINI STRANIERI NON RESIDENTI IN ITALIA<\/strong><\/p>\n<p>Il cittadino straniero non residente in Italia pu\u00f2\u00a0delegare\u00a0appositamente un soggetto a presentare il modello di richiesta del Codice Fiscale direttamente agli uffici dell\u2019Agenzia delle Entrate dislocati sul territorio italiano, ai sensi dell\u2019art. 1 del D.M. attuativo del 17 maggio 2001, n. 281.<\/p>\n<p>Gli indirizzi degli uffici dell\u2019Agenzia delle Entrate sono reperibili sul sito Internet\u00a0<a href=\"http:\/\/www.agenziaentrate.it\/\">www.agenziaentrate.it<\/a><\/p>\n<p>Il Codice Fiscale pu\u00f2 essere chiesto dal cittadino straniero all\u2019Ufficio consolare italiano competente per residenza\u00a0nei casi in cui il C.F. sia necessario per procedure da effettuare online e\/o per le quali lo straniero sia impossibilitato a delegare un incaricato per la richiesta all\u2019Agenzia delle Entrate: in tali casi l\u2019Ufficio consolare provveder\u00e0 ad inoltrare la richiesta all\u2019Agenzia delle Entrate in Italia.<\/p>\n<p>La richiesta di Codice fiscale, da avanzare compilando l\u2019apposito modulo, andr\u00e0 presentata unitamente alla copia di un documento d\u2019identit\u00e0 e alla indicazione delle motivazioni della richiesta.<\/p>\n<p>&nbsp;<\/p>\n<p><a href=\"https:\/\/ambtbilisi.esteri.it\/wp-content\/uploads\/resource\/doc\/2023\/06\/informativa_tdp_per_servizi_consolari_ex_visti_e_cittadinanza__all.3__rev._feb.2023.docx\"><b>Informativa sul\u00a0trattamento dei dati personali\u00a0ai fini dell\u2019erogazione dei servizi consolari\u00a0(ad esclusione del rilascio dei visti e delle pratiche di\u00a0cittadinanza)\u00a0(Regolamento Generale sulla Protezione dei Dati (UE) 2016\/679, art. 13\u00a0e 14)<\/b><\/a><\/p>\n","protected":false},"excerpt":{"rendered":"Il codice fiscale \u00e8 il codice alfanumerico rilasciato dall\u2019Agenzia delle Entrate per identificare il cittadino (italiano o straniero) nei rapporti con le amministrazioni pubbliche, i privati e gli enti, italiani. Per le persone fisiche il codice fiscale viene determinato sulla base dei dati anagrafici. \u00c8 necessario per effettuare qualsiasi adempimento amministrativo (versamento di tasse, imposte, [&hellip;]","protected":false},"author":1,"featured_media":0,"parent":47,"menu_order":18,"comment_status":"closed","ping_status":"closed","template":"","meta":{"footnotes":""},"class_list":["post-75","page","type-page","status-publish","hentry"],"_links":{"self":[{"href":"https:\/\/ambtbilisi.esteri.it\/it\/wp-json\/wp\/v2\/pages\/75","targetHints":{"allow":["GET"]}}],"collection":[{"href":"https:\/\/ambtbilisi.esteri.it\/it\/wp-json\/wp\/v2\/pages"}],"about":[{"href":"https:\/\/ambtbilisi.esteri.it\/it\/wp-json\/wp\/v2\/types\/page"}],"author":[{"embeddable":true,"href":"https:\/\/ambtbilisi.esteri.it\/it\/wp-json\/wp\/v2\/users\/1"}],"replies":[{"embeddable":true,"href":"https:\/\/ambtbilisi.esteri.it\/it\/wp-json\/wp\/v2\/comments?post=75"}],"version-history":[{"count":6,"href":"https:\/\/ambtbilisi.esteri.it\/it\/wp-json\/wp\/v2\/pages\/75\/revisions"}],"predecessor-version":[{"id":7196,"href":"https:\/\/ambtbilisi.esteri.it\/it\/wp-json\/wp\/v2\/pages\/75\/revisions\/7196"}],"up":[{"embeddable":true,"href":"https:\/\/ambtbilisi.esteri.it\/it\/wp-json\/wp\/v2\/pages\/47"}],"wp:attachment":[{"href":"https:\/\/ambtbilisi.esteri.it\/it\/wp-json\/wp\/v2\/media?parent=75"}],"curies":[{"name":"wp","href":"https:\/\/api.w.org\/{rel}","templated":true}]}}