{"id":686,"date":"2023-10-23T10:56:38","date_gmt":"2023-10-23T06:56:38","guid":{"rendered":"https:\/\/ambtbilisi.esteri.it\/?page_id=686"},"modified":"2025-11-03T11:45:09","modified_gmt":"2025-11-03T07:45:09","slug":"spid","status":"publish","type":"page","link":"https:\/\/ambtbilisi.esteri.it\/it\/servizi-consolari-e-visti\/servizi-per-il-cittadino-italiano\/spid\/","title":{"rendered":"SPID"},"content":{"rendered":"<p><strong>SISTEMA PUBBLICO PER LA GESTIONE DELL\u2019IDENTIT\u00c0 DIGITALE DI CITTADINI E IMPRESE (SPID)<\/strong><\/p>\n<p>SPID, il Sistema Pubblico di Identit\u00e0 Digitale, \u00e8 la soluzione che permette di accedere ai servizi online della Pubblica Amministrazione.<\/p>\n<p>A decorrere dal 28 febbraio 2021 le Pubbliche Amministrazioni dovranno utilizzare esclusivamente le identit\u00e0 digitali e la carta di identit\u00e0 elettronica ai fini dell\u2019identificazione dei cittadini che accedono ai propri servizi in rete.<\/p>\n<p>Le informazioni riguardanti lo SPID e le modalit\u00e0 finalizzate all\u2019ottenimento delle relative credenziali sono reperibili all\u2019interno del sito del Ministero degli Affari Esteri e della Cooperazione Internazionale al seguente link: <a href=\"https:\/\/www.esteri.it\/it\/servizi-consolari-e-visti\/italiani-all-estero\/spid\/\">https:\/\/www.esteri.it\/it\/servizi-consolari-e-visti\/italiani-all-estero\/spid\/<\/a><\/p>\n<p>&nbsp;<\/p>\n<p><strong>SISTEMA PUBBLICO DI IDENTIT\u00c0 DIGITALE (SPID)<\/strong><\/p>\n<p>Il Sistema Pubblico di Identit\u00e0 Digitale (SPID) costituisce il principale strumento di identificazione online per il cittadino e per le imprese nei rapporti con la Pubblica Amministrazione e garantisce a tutti i cittadini e le imprese un accesso unico, sicuro e protetto ai servizi digitali della Pubblica Amministrazione e dei soggetti privati aderenti.<\/p>\n<p>L\u2019utilizzo dello SPID \u00e8 gratuito.<\/p>\n<p>L\u2019accesso a SPID \u00e8 consentito per tutti i cittadini maggiorenni in possesso di un documento italiano in corso di validit\u00e0, rivolgendosi a uno dei gestori di identit\u00e0 digitale accreditati dall\u2019Agenzia per l\u2019Italia Digitale (AgID). Per vedere la lista dei gestori clicca <a href=\"https:\/\/www.agid.gov.it\/it\/piattaforme\/spid\"><strong>qui<\/strong><\/a>.<\/p>\n<p>Si ricorda che per l\u2019accesso ai servizi consolari online (ad es. il portale <a href=\"https:\/\/serviziconsolari.esteri.it\/ScoFE\/index.sco\"><strong>Fast It<\/strong><\/a>), a partire dal 31 dicembre 2022 sar\u00e0 necessario essere in possesso delle credenziali SPID, CIE e CNS, mentre chi sia in possesso di credenziali non digitali potr\u00e0 continuare ad utilizzarle fino al 31 dicembre 2025. Inoltre, coloro che siano in possesso delle credenziali tradizionali, rilasciate fino al 31 dicembre 2025, potranno continuare ad utilizzarle fino al 31 marzo 2026.<\/p>\n<p>Per tutte le informazioni, comprese le istruzioni su come ottenere le proprie credenziali, si rimanda alla <a href=\"https:\/\/www.esteri.it\/it\/servizi-consolari-e-visti\/italiani-all-estero\/spid\/\"><strong>pagina informativa del sito del Ministero degli Affari Esteri e della Cooperazione Internazionale<\/strong><\/a> o al <a href=\"https:\/\/www.spid.gov.it\/\"><strong>sito istituzionale del Sistema Pubblico di Identit\u00e0 Digitale<\/strong><\/a>.<\/p>\n","protected":false},"excerpt":{"rendered":"SISTEMA PUBBLICO PER LA GESTIONE DELL\u2019IDENTIT\u00c0 DIGITALE DI CITTADINI E IMPRESE (SPID) SPID, il Sistema Pubblico di Identit\u00e0 Digitale, \u00e8 la soluzione che permette di accedere ai servizi online della Pubblica Amministrazione. A decorrere dal 28 febbraio 2021 le Pubbliche Amministrazioni dovranno utilizzare esclusivamente le identit\u00e0 digitali e la carta di identit\u00e0 elettronica ai fini [&hellip;]","protected":false},"author":4,"featured_media":0,"parent":47,"menu_order":0,"comment_status":"closed","ping_status":"closed","template":"","meta":{"footnotes":""},"class_list":["post-686","page","type-page","status-publish","hentry"],"_links":{"self":[{"href":"https:\/\/ambtbilisi.esteri.it\/it\/wp-json\/wp\/v2\/pages\/686","targetHints":{"allow":["GET"]}}],"collection":[{"href":"https:\/\/ambtbilisi.esteri.it\/it\/wp-json\/wp\/v2\/pages"}],"about":[{"href":"https:\/\/ambtbilisi.esteri.it\/it\/wp-json\/wp\/v2\/types\/page"}],"author":[{"embeddable":true,"href":"https:\/\/ambtbilisi.esteri.it\/it\/wp-json\/wp\/v2\/users\/4"}],"replies":[{"embeddable":true,"href":"https:\/\/ambtbilisi.esteri.it\/it\/wp-json\/wp\/v2\/comments?post=686"}],"version-history":[{"count":3,"href":"https:\/\/ambtbilisi.esteri.it\/it\/wp-json\/wp\/v2\/pages\/686\/revisions"}],"predecessor-version":[{"id":6710,"href":"https:\/\/ambtbilisi.esteri.it\/it\/wp-json\/wp\/v2\/pages\/686\/revisions\/6710"}],"up":[{"embeddable":true,"href":"https:\/\/ambtbilisi.esteri.it\/it\/wp-json\/wp\/v2\/pages\/47"}],"wp:attachment":[{"href":"https:\/\/ambtbilisi.esteri.it\/it\/wp-json\/wp\/v2\/media?parent=686"}],"curies":[{"name":"wp","href":"https:\/\/api.w.org\/{rel}","templated":true}]}}