{"id":679,"date":"2023-10-23T10:19:08","date_gmt":"2023-10-23T06:19:08","guid":{"rendered":"https:\/\/ambtbilisi.esteri.it\/?page_id=679"},"modified":"2023-10-23T10:19:08","modified_gmt":"2023-10-23T06:19:08","slug":"attualita","status":"publish","type":"page","link":"https:\/\/ambtbilisi.esteri.it\/it\/italia-e-georgia\/rapporti-politici\/attualita\/","title":{"rendered":"Attualit\u00e0"},"content":{"rendered":"<p>L&#8217;Italia sostiene, in linea con la politica dell&#8217;Unione Europea, la sovranit\u00e0 e l&#8217;integrit\u00e0 territoriale della Georgia, e assicura al Paese il proprio appoggio nel suo percorso di avvicinamento alle strutture europee ed euro-atlantiche. Le relazioni UE-Georgia sono inquadrate nella Politica di Vicinato, che dal 2009 ha conosciuto un importante salto di qualit\u00e0, facendo della Georgia uno dei paesi di punta della PEV.<\/p>\n<p>L&#8217;Italia sostiene con vigore gli sforzi compiuti dall&#8217;Unione europea e dalle altre Organizzazioni Internazionali di cui \u00e8 parte (ONU, OSCE, NATO, Consiglio d&#8217;Europa) per una soluzione effettiva e sostenibile dei conflitti georgiani.<\/p>\n<p>L&#8217;impegno sostanziale profuso dall\u2019Italia nella mediazione che ha portato alla stabilizzazione della crisi russo-georgiana dell&#8217;agosto del 2008 \u00e8 pienamente riconosciuto dalla Georgia.<\/p>\n<p>Nell\u2019immediatezza della crisi, il 3 settembre 2008 il Ministro Frattini si \u00e8 recato in visita a Tbilisi. Il nostro \u00e8 stato il primo Paese ad inviare osservatori sul terreno nel quadro della\u00a0<strong><a href=\"https:\/\/eumm.eu\/\">Missione di monitoraggio dell\u2019Unione Europea (EUMM)<\/a><\/strong>, di cui \u00e8 tra i principali contributori.<\/p>\n<p>Consulta il\u00a0<strong><a href=\"https:\/\/audiovisual.ec.europa.eu\/en\">Report<\/a><\/strong>\u00a0e scarica il\u00a0<a href=\"https:\/\/www.youtube.com\/watch?v=Lh3GHT4TxYw&amp;feature=PlayList&amp;p=121FED1A2ED4FFFE&amp;playnext=1&amp;playnext_from=PL&amp;index=58\"><strong>video<\/strong><\/a>\u00a0dell&#8217;arrivo del contingente italiano in Georgia il 24 settembre 2008.<\/p>\n<p>L&#8217;Italia \u00e8 stata anche tra i primissimi paesi ad attuare importanti interventi umanitari dopo il conflitto. Il 17 agosto un volo umanitario della Cooperazione allo Sviluppo Italiana ha portato in Georgia beni e materiali di prima necessit\u00e0, preparando la strada all&#8217;arrivo via mare della Croce Rossa Italiana. A Gori, a ridosso della zona di conflitto, la Croce Rossa ha allestito, avvalendosi di un contributo di 180.000 euro stanziato dal Ministero degli Affari Esteri e della Cooperazione Internazionale italiano, un campo per sfollati, chiamato &#8220;Campo Italia&#8221;, che, munito di due cucine in grado di fornire 5.000 pasti caldi al giorno, \u00e8 diventato in breve il punto di raccolta di tutti gli aiuti umanitari destinati alla regione.<\/p>\n<p>Nel frattempo, il MAECI ha risposto prontamente anche agli appelli lanciati dalla\u00a0Croce Rossa Internazionale\u00a0(a favore di cui sono stati stanziati 200.000 Euro) e dall\u2019Alto Commissariato delle Nazioni Unite per i Rifugiati (cui sono stati attribuiti 300.000 Euro), per poi dare vita a una serie di inziative di cooperazione allo sviluppo attuate nel 2009-2010 nel rispetto degli impegni presi in seno alla Conferenza dei Donatori internazionali per la Georgia tenuta a Bruxelles il 22 ottobre 2008.<\/p>\n<p>L&#8217;Italia ha fornito, al pari di altri Stati Membri europei, il proprio concreto sostegno alle indagini della Missione Internazionale Indipendente d&#8217;Inchiesta sul Conflitto in Georgia, presieduta dalla diplomatica svizzera Heidi Tagliavini ed incaricata dal Consiglio dell&#8217;Unione europea di accertare le cause ed il corso degli eventi del conflitto russo-georgiano del 2008. Il 30 settembre 2009 la Commissione ha presentato il proprio Rapporto, che costituisce ora un imprescindibile punto di riferimento per tutti coloro che vogliano approfondire la comprensione delle dinamiche che hanno portato alla guerra.<\/p>\n<p>Nonostante l\u2019eccellente livello delle relazioni bilaterali, notevole appare il potenziale ancora da sviluppare, soprattutto dal punto di vista economico, sociale, scientifico e culturale. L&#8217;Ambasciata d&#8217;Italia a Tbilisi \u00e8 costantemente impegnata a esplorare ogni possibile filone utile allo sviluppo di questo potenziale, al fine della crescita reciproca dei due Paesi.<\/p>\n<p>Visitate, per maggiori notizie, anche le pagine dedicate agli\u00a0<a href=\"https:\/\/ambtbilisi.esteri.it\/it\/italia-e-georgia\/rapporti-politici\/incontri\/\"><strong>incontri istituzionali<\/strong><\/a>\u00a0e agli\u00a0<a href=\"https:\/\/ambtbilisi.esteri.it\/it\/italia-e-georgia\/rapporti-politici\/accordi\/\"><strong>accordi<\/strong><\/a>\u00a0in vigore.<\/p>\n","protected":false},"excerpt":{"rendered":"L&#8217;Italia sostiene, in linea con la politica dell&#8217;Unione Europea, la sovranit\u00e0 e l&#8217;integrit\u00e0 territoriale della Georgia, e assicura al Paese il proprio appoggio nel suo percorso di avvicinamento alle strutture europee ed euro-atlantiche. Le relazioni UE-Georgia sono inquadrate nella Politica di Vicinato, che dal 2009 ha conosciuto un importante salto di qualit\u00e0, facendo della Georgia [&hellip;]","protected":false},"author":4,"featured_media":0,"parent":667,"menu_order":0,"comment_status":"closed","ping_status":"closed","template":"","meta":{"footnotes":""},"class_list":["post-679","page","type-page","status-publish","hentry"],"_links":{"self":[{"href":"https:\/\/ambtbilisi.esteri.it\/it\/wp-json\/wp\/v2\/pages\/679","targetHints":{"allow":["GET"]}}],"collection":[{"href":"https:\/\/ambtbilisi.esteri.it\/it\/wp-json\/wp\/v2\/pages"}],"about":[{"href":"https:\/\/ambtbilisi.esteri.it\/it\/wp-json\/wp\/v2\/types\/page"}],"author":[{"embeddable":true,"href":"https:\/\/ambtbilisi.esteri.it\/it\/wp-json\/wp\/v2\/users\/4"}],"replies":[{"embeddable":true,"href":"https:\/\/ambtbilisi.esteri.it\/it\/wp-json\/wp\/v2\/comments?post=679"}],"version-history":[{"count":1,"href":"https:\/\/ambtbilisi.esteri.it\/it\/wp-json\/wp\/v2\/pages\/679\/revisions"}],"predecessor-version":[{"id":680,"href":"https:\/\/ambtbilisi.esteri.it\/it\/wp-json\/wp\/v2\/pages\/679\/revisions\/680"}],"up":[{"embeddable":true,"href":"https:\/\/ambtbilisi.esteri.it\/it\/wp-json\/wp\/v2\/pages\/667"}],"wp:attachment":[{"href":"https:\/\/ambtbilisi.esteri.it\/it\/wp-json\/wp\/v2\/media?parent=679"}],"curies":[{"name":"wp","href":"https:\/\/api.w.org\/{rel}","templated":true}]}}