{"id":667,"date":"2023-10-19T17:18:44","date_gmt":"2023-10-19T13:18:44","guid":{"rendered":"https:\/\/ambtbilisi.esteri.it\/?page_id=667"},"modified":"2024-01-16T13:50:10","modified_gmt":"2024-01-16T09:50:10","slug":"rapporti-politici","status":"publish","type":"page","link":"https:\/\/ambtbilisi.esteri.it\/it\/italia-e-georgia\/rapporti-politici\/","title":{"rendered":"Rapporti politici"},"content":{"rendered":"<p><strong>Storia<\/strong><\/p>\n<p class=\"boxLevel03\">La presenza diplomatica italiana in Georgia risale sin dalla fine della Prima Guerra Mondiale, precisamente agli anni a cavallo tra la caduta dello Zar e la vittoria del bolscevismo in Russia. Una fase storica tumultuosa, in cui la dissoluzione dei vecchi Imperi consent\u00ec ai popoli del Caucaso di affermare, anche se soltanto per pochi anni, la loro indipendenza. Diversi Paesi, tra cui l&#8217;Italia, riconobbero sin da subito come Stato sovrano la Repubblica Democratica della Georgia (periodo della Prima Repubblica, dal maggio 1918 al febbraio 1921), e inviarono propri rappresentanti a Tbilisi.<\/p>\n<figure id=\"attachment_493\" aria-describedby=\"caption-attachment-493\" style=\"width: 300px\" class=\"wp-caption aligncenter\"><img loading=\"lazy\" decoding=\"async\" class=\"size-medium wp-image-493 img-fluid\" src=\"https:\/\/ambtbilisi.esteri.it\/wp-content\/uploads\/2023\/09\/Storia-1-vecchio-consolato-300x225.jpg\" alt=\"\" width=\"300\" height=\"225\" srcset=\"https:\/\/ambtbilisi.esteri.it\/wp-content\/uploads\/2023\/09\/Storia-1-vecchio-consolato-300x225.jpg 300w, https:\/\/ambtbilisi.esteri.it\/wp-content\/uploads\/2023\/09\/Storia-1-vecchio-consolato-1024x768.jpg 1024w, https:\/\/ambtbilisi.esteri.it\/wp-content\/uploads\/2023\/09\/Storia-1-vecchio-consolato-768x576.jpg 768w, https:\/\/ambtbilisi.esteri.it\/wp-content\/uploads\/2023\/09\/Storia-1-vecchio-consolato.jpg 1140w\" sizes=\"auto, (max-width: 300px) 100vw, 300px\" \/><figcaption id=\"caption-attachment-493\" class=\"wp-caption-text\"><em>La sede del vecchio Consolato Regio in via Agmashenebeli a Tbilisi<\/em><\/figcaption><\/figure>\n<p>Il primo diplomatico del Regno d\u2019Italia inviato in Georgia fu Vittorio Cerruti, giunto a Tbilisi nel febbraio del 1921, poche settimane prima della conquista definitiva della citt\u00e0 da parte dell\u2019Armata Rossa. Di quella breve ma significativa esperienza Cerruti ha lasciato una testimonianza scritta (&#8220;Ricordi di una missione nel Caucaso&#8221;, Nuova Antologia, 1\u00ba nov.1942, pp. 15-25; 16 nov.1942, pp. 73-92).<\/p>\n<figure id=\"attachment_495\" aria-describedby=\"caption-attachment-495\" style=\"width: 147px\" class=\"wp-caption aligncenter\"><img loading=\"lazy\" decoding=\"async\" class=\"size-full wp-image-495 img-fluid\" src=\"https:\/\/ambtbilisi.esteri.it\/wp-content\/uploads\/2023\/09\/Storia-Vittorio-Cerruti.jpeg\" alt=\"\" width=\"147\" height=\"229\" \/><figcaption id=\"caption-attachment-495\" class=\"wp-caption-text\"><em>Vittorio Cerruti ritratto da Eva Barret<\/em><\/figcaption><\/figure>\n<p>Dopo l\u2019ingresso delle truppe bolsceviche a Tbilisi, il destino della Georgia fu legato a quello dell&#8217;URSS fino alla caduta della cortina di ferro. Fino alla fine degli anni Trenta del secolo scorso, continua ad essere attivo a Tbilisi un Consolato Regio.<\/p>\n<p>Italia e Georgia ristabilirono relazioni diplomatiche l\u201911 maggio del 1992, dopo il crollo dell&#8217;Unione Sovietica (inizio della Seconda Repubblica georgiana).<\/p>\n<p>Gli eventi della storia recente della Georgia hanno segnato anche i rapporti bilaterali, rafforzandoli e rimarcando la vicinanza fra i due popoli. Dalla &#8220;Rivoluzione delle Rose&#8221; in poi si \u00e8 ulteriormente approfondito il rapporto bilaterale. Anche durante la guerra fra Georgia e Russia nell&#8217;agosto 2008, l&#8217;Italia ha giocato un importante ruolo di mediazione, seguito da un impegno senza precedenti a livello di aiuti umanitari alle popolazioni degli sfollati. La vicinanza e la solidariet\u00e0 dimostrata dall&#8217;Italia durante i giorni pi\u00f9 bui della sua storia post-sovietica non \u00e8 mai stata dimenticata dai georgiani.<\/p>\n<p>L&#8217;Ambasciata d&#8217;Italia in Georgia \u00e8 stata aperta nel febbraio del 2000. Da allora si sono susseguiti alla sua guida\u00a0sei Capi Missione:<\/p>\n<ul>\n<li>Michelangelo Pipan dal 15 febbraio 2000<\/li>\n<li>Fabrizio Romano dal 15 maggio 2003<\/li>\n<li>Vittorio Sandalli dal 1 agosto 2007<\/li>\n<li>Federica Favi dal 5 settembre 2011<\/li>\n<li>Antonio Enrico Bartoli dal 2 settembre 2015<\/li>\n<li>Enrico Valvo dal 19 dicembre 2019<\/li>\n<li>Massimiliano D&#8217;Antuono dal 15 gennaio 2024<\/li>\n<\/ul>\n","protected":false},"excerpt":{"rendered":"Storia La presenza diplomatica italiana in Georgia risale sin dalla fine della Prima Guerra Mondiale, precisamente agli anni a cavallo tra la caduta dello Zar e la vittoria del bolscevismo in Russia. Una fase storica tumultuosa, in cui la dissoluzione dei vecchi Imperi consent\u00ec ai popoli del Caucaso di affermare, anche se soltanto per pochi [&hellip;]","protected":false},"author":1,"featured_media":0,"parent":14,"menu_order":10,"comment_status":"closed","ping_status":"closed","template":"","meta":{"footnotes":""},"class_list":["post-667","page","type-page","status-publish","hentry"],"_links":{"self":[{"href":"https:\/\/ambtbilisi.esteri.it\/it\/wp-json\/wp\/v2\/pages\/667","targetHints":{"allow":["GET"]}}],"collection":[{"href":"https:\/\/ambtbilisi.esteri.it\/it\/wp-json\/wp\/v2\/pages"}],"about":[{"href":"https:\/\/ambtbilisi.esteri.it\/it\/wp-json\/wp\/v2\/types\/page"}],"author":[{"embeddable":true,"href":"https:\/\/ambtbilisi.esteri.it\/it\/wp-json\/wp\/v2\/users\/1"}],"replies":[{"embeddable":true,"href":"https:\/\/ambtbilisi.esteri.it\/it\/wp-json\/wp\/v2\/comments?post=667"}],"version-history":[{"count":5,"href":"https:\/\/ambtbilisi.esteri.it\/it\/wp-json\/wp\/v2\/pages\/667\/revisions"}],"predecessor-version":[{"id":2794,"href":"https:\/\/ambtbilisi.esteri.it\/it\/wp-json\/wp\/v2\/pages\/667\/revisions\/2794"}],"up":[{"embeddable":true,"href":"https:\/\/ambtbilisi.esteri.it\/it\/wp-json\/wp\/v2\/pages\/14"}],"wp:attachment":[{"href":"https:\/\/ambtbilisi.esteri.it\/it\/wp-json\/wp\/v2\/media?parent=667"}],"curies":[{"name":"wp","href":"https:\/\/api.w.org\/{rel}","templated":true}]}}