{"id":5982,"date":"2025-07-14T12:52:27","date_gmt":"2025-07-14T08:52:27","guid":{"rendered":"https:\/\/ambtbilisi.esteri.it\/?page_id=5982"},"modified":"2025-07-21T10:42:08","modified_gmt":"2025-07-21T06:42:08","slug":"divorzio","status":"publish","type":"page","link":"https:\/\/ambtbilisi.esteri.it\/it\/servizi-consolari-e-visti\/servizi-per-il-cittadino-italiano\/stato-civile\/divorzio\/","title":{"rendered":"Divorzio"},"content":{"rendered":"<p>In base alla normativa locale, in particolare all\u2019art. 1123 del Codice Civile della Georgia, la decisione e la relativa certificazione riguardante la cessazione degli effetti civili del matrimonio \u00e8 di competenza delle Autorit\u00e0 Ammnistrative della Georgia: l\u2019Ufficio del Registro Civile di Tbilisi \u2013 Agenzia dello Sviluppo dei Servizi Statali (Agenzia che fa capo al locale Ministero della Giustizia).<\/p>\n<p>Una volta che le due parti interessate sottoscrivono presso le competenti Autorit\u00e0 amministrative la loro decisione di voler consensualmente divorziare, viene emesso un atto che non potr\u00e0 essere impugnato, n\u00e9 revocato o annullato. Non \u00e8 ammessa contumacia.<\/p>\n<p>Una delle due parti, o entrambe, possono far ricorso alle Autorit\u00e0 Giudiziarie qualora non sussista un accordo tra le medesime circa i termini del divorzio (es. aspetti patrimoniali e della gestione degli eventuali figli nati dal matrimonio).<\/p>\n<p>Nel caso in cui uno dei due coniugi non concordi al divorzio, l\u2019altro potr\u00e0 far ricorso ad un giudice che, sentite le parti, potr\u00e0, con propria sentenza, intimare alle Autorit\u00e0 Amministrative di procedere all\u2019emissione dell\u2019atto di divorzio senza sottoscrizione di una delle due parti.<\/p>\n<p>Infine, si fa presente che, qualora uno dei coniugi sia italiano, a quest\u2019ultimo, ai fini della trascrizione dell\u2019Atto di Divorzio nei Registri di Stato Civile in Italia, potr\u00e0 essere chiedesta ai sensi dell\u2019art. 64 e seguenti della legge 218\/1995 di presentare la relativa autocertificazione relativa ai provvedimenti provenienti da Paesi non appartenenti all\u2019 Unione Europea.<\/p>\n<p>Si ricorda che la decisione relativa alla trascrizione di un atto di stato civile formato all\u2019estero ricade, in ultima istanza, in capo al Comune italiano competente.<\/p>\n<p>&nbsp;<\/p>\n<p><a href=\"https:\/\/ambtbilisi.esteri.it\/wp-content\/uploads\/resource\/doc\/2023\/06\/informativa_tdp_per_servizi_consolari_ex_visti_e_cittadinanza__all.3__rev._feb.2023.docx\" target=\"_BLANK\" rel=\"noopener\">Informativa sul\u00a0trattamento dei dati personali\u00a0ai fini dell\u2019erogazione dei servizi consolari\u00a0(ad esclusione del rilascio dei visti e delle pratiche di\u00a0cittadinanza)\u00a0(Regolamento Generale sulla Protezione dei Dati (UE) 2016\/679, art. 13\u00a0e 14)<\/a><\/p>\n","protected":false},"excerpt":{"rendered":"In base alla normativa locale, in particolare all\u2019art. 1123 del Codice Civile della Georgia, la decisione e la relativa certificazione riguardante la cessazione degli effetti civili del matrimonio \u00e8 di competenza delle Autorit\u00e0 Ammnistrative della Georgia: l\u2019Ufficio del Registro Civile di Tbilisi \u2013 Agenzia dello Sviluppo dei Servizi Statali (Agenzia che fa capo al locale [&hellip;]","protected":false},"author":5,"featured_media":0,"parent":68,"menu_order":0,"comment_status":"closed","ping_status":"closed","template":"","meta":{"footnotes":""},"class_list":["post-5982","page","type-page","status-publish","hentry"],"_links":{"self":[{"href":"https:\/\/ambtbilisi.esteri.it\/it\/wp-json\/wp\/v2\/pages\/5982","targetHints":{"allow":["GET"]}}],"collection":[{"href":"https:\/\/ambtbilisi.esteri.it\/it\/wp-json\/wp\/v2\/pages"}],"about":[{"href":"https:\/\/ambtbilisi.esteri.it\/it\/wp-json\/wp\/v2\/types\/page"}],"author":[{"embeddable":true,"href":"https:\/\/ambtbilisi.esteri.it\/it\/wp-json\/wp\/v2\/users\/5"}],"replies":[{"embeddable":true,"href":"https:\/\/ambtbilisi.esteri.it\/it\/wp-json\/wp\/v2\/comments?post=5982"}],"version-history":[{"count":2,"href":"https:\/\/ambtbilisi.esteri.it\/it\/wp-json\/wp\/v2\/pages\/5982\/revisions"}],"predecessor-version":[{"id":6057,"href":"https:\/\/ambtbilisi.esteri.it\/it\/wp-json\/wp\/v2\/pages\/5982\/revisions\/6057"}],"up":[{"embeddable":true,"href":"https:\/\/ambtbilisi.esteri.it\/it\/wp-json\/wp\/v2\/pages\/68"}],"wp:attachment":[{"href":"https:\/\/ambtbilisi.esteri.it\/it\/wp-json\/wp\/v2\/media?parent=5982"}],"curies":[{"name":"wp","href":"https:\/\/api.w.org\/{rel}","templated":true}]}}