{"id":536,"date":"2023-09-05T13:57:12","date_gmt":"2023-09-05T09:57:12","guid":{"rendered":"https:\/\/ambtbilisi.esteri.it\/?page_id=536"},"modified":"2023-09-05T13:57:12","modified_gmt":"2023-09-05T09:57:12","slug":"finanziamenti-e-investimenti","status":"publish","type":"page","link":"https:\/\/ambtbilisi.esteri.it\/it\/italia-e-georgia\/diplomazia-economica\/fare-affari-in-georgia\/servizi-per-le-imprese\/finanziamenti-e-investimenti\/","title":{"rendered":"Finanziamenti e investimenti"},"content":{"rendered":"<p class=\"boxLevel03\"><strong><a href=\"http:\/\/www.simest.it\/\">SIMEST S.p.A<\/a>.<\/strong><strong><br \/>\nFinanziaria di sviluppo e promozione delle imprese italiane all&#8217;estero<\/strong><\/p>\n<ul>\n<li>Societ\u00e0 controllata dal Governo Italiano che detiene il 76% del pacchetto azionario, \u00e8 partecipata da banche, imprese, associazioni imprenditoriali e di categoria;<\/li>\n<li>promuove e sostiene le attivit\u00e0 all\u2019estero di tutte le aziende italiane, in particolare le piccole e medie, comprese quelle commerciali, artigiane e turistiche, nonch\u00e9 cooperative, consorzi ed altri organismi economici, attraverso due principali canali di attivit\u00e0: il sostegno agli scambi commerciali ed il sostegno agli investimenti all\u2019estero;<\/li>\n<li>fornisce servizi di assistenza e consulenza per tutte le fasi dell\u2019avvio e della realizzazione di investimenti all\u2019estero;<\/li>\n<li>fornisce supporto finanziario agli investimenti di imprese italiane all\u2019estero attraverso la gestione di incentivi e agevolazioni dirette;<\/li>\n<li>la partecipazione di SIMEST al capitale delle imprese estere consente di condividere il rischio potenziale della nuova iniziativa con un partner istituzionale che immette capitali propri, e mette a disposizione la propria esperienza pluriennale sui mercati esteri basata sulla partecipazione a centinaia di progetti in tutto il mondo;<\/li>\n<li>gestisce i fondi venture capital del Ministero delle Attivit\u00e0 Produttive;<\/li>\n<li>eroga contributi agli interessi su finanziamenti concessi ad esportatori italiani;<\/li>\n<li>finanzia le spese destinate alla realizzazione di strutture commerciali permanenti;<\/li>\n<li>eroga finanziamenti per studi di fattibilit\u00e0 e assistenza tecnica;<\/li>\n<li>finanzia i costi di gare internazionali;<\/li>\n<li>effettua operazioni di business scouting.<\/li>\n<\/ul>\n","protected":false},"excerpt":{"rendered":"SIMEST S.p.A. Finanziaria di sviluppo e promozione delle imprese italiane all&#8217;estero Societ\u00e0 controllata dal Governo Italiano che detiene il 76% del pacchetto azionario, \u00e8 partecipata da banche, imprese, associazioni imprenditoriali e di categoria; promuove e sostiene le attivit\u00e0 all\u2019estero di tutte le aziende italiane, in particolare le piccole e medie, comprese quelle commerciali, artigiane e [&hellip;]","protected":false},"author":4,"featured_media":0,"parent":532,"menu_order":0,"comment_status":"closed","ping_status":"closed","template":"","meta":{"footnotes":""},"class_list":["post-536","page","type-page","status-publish","hentry"],"_links":{"self":[{"href":"https:\/\/ambtbilisi.esteri.it\/it\/wp-json\/wp\/v2\/pages\/536","targetHints":{"allow":["GET"]}}],"collection":[{"href":"https:\/\/ambtbilisi.esteri.it\/it\/wp-json\/wp\/v2\/pages"}],"about":[{"href":"https:\/\/ambtbilisi.esteri.it\/it\/wp-json\/wp\/v2\/types\/page"}],"author":[{"embeddable":true,"href":"https:\/\/ambtbilisi.esteri.it\/it\/wp-json\/wp\/v2\/users\/4"}],"replies":[{"embeddable":true,"href":"https:\/\/ambtbilisi.esteri.it\/it\/wp-json\/wp\/v2\/comments?post=536"}],"version-history":[{"count":1,"href":"https:\/\/ambtbilisi.esteri.it\/it\/wp-json\/wp\/v2\/pages\/536\/revisions"}],"predecessor-version":[{"id":537,"href":"https:\/\/ambtbilisi.esteri.it\/it\/wp-json\/wp\/v2\/pages\/536\/revisions\/537"}],"up":[{"embeddable":true,"href":"https:\/\/ambtbilisi.esteri.it\/it\/wp-json\/wp\/v2\/pages\/532"}],"wp:attachment":[{"href":"https:\/\/ambtbilisi.esteri.it\/it\/wp-json\/wp\/v2\/media?parent=536"}],"curies":[{"name":"wp","href":"https:\/\/api.w.org\/{rel}","templated":true}]}}