{"id":505,"date":"2023-09-04T15:28:30","date_gmt":"2023-09-04T11:28:30","guid":{"rendered":"https:\/\/ambtbilisi.esteri.it\/?page_id=505"},"modified":"2023-09-04T15:28:30","modified_gmt":"2023-09-04T11:28:30","slug":"dmanisi","status":"publish","type":"page","link":"https:\/\/ambtbilisi.esteri.it\/it\/italia-e-georgia\/diplomazia-culturale\/missioni-archeologiche\/dmanisi\/","title":{"rendered":"Dmanisi"},"content":{"rendered":"<p class=\"boxLevel03\"><strong>Missione archeologica dell\u2019Universit\u00e0 di Firenze a Dmanisi<br \/>\nSulle tracce della scoperta della migrazione umana dall\u2019Africa<\/strong><\/p>\n<p class=\"boxLevel03\"><strong><br \/>\n<\/strong>Dmanisi, localit\u00e0 al confine tra Georgia ed Armenia, \u00e8 diventata famosa perch\u00e9 ospita nel suo territorio uno dei siti archeologici su cui si concentra l\u2019attenzione pi\u00f9 viva della comunit\u00e0 scientifica internazionale. Le scoperte effettuate sul sito hanno rivoluzionato le teorie sull\u2019evoluzione umana.\u00a0Tra i numerosi esperti nelle varie discipline provenienti da vari paesi del mondo che da anni lavorano sul sito, figura anche la missione italiana diretta dal professor Lorenzo Rook, dell\u2019Universit\u00e0 di Firenze e sostenuta dal Ministero degli Esteri e della Cooperazione Internazionale italiano. A coordinare i team internazionali \u00e8 il Museo Nazionale della Georgia.<\/p>\n<p>Da Dmanisi sono venute fuori negli ultimi anni le evidenze di nuovi modelli interpretativi di un momento cruciale della evoluzione umana: l\u2019uscita dall\u2019Africa. Gli scavi rappresentano una vera e propria culla della differenziazione del nostro genere: sul sito sono stati trovati infatti dei fossili \u2013 una mandibola, ossa degli arti di almeno quattro individui e persino alcuni crani completi \u2013 che hanno dimostrato come l\u2019emigrazione del genere \u201cHomo\u201d dall\u2019Africa sia avvenuta almeno un milione e ottocentomila anni fa, con \u201cun salto indietro\u201d di un milione di anni rispetto alle ultime conoscenze scientifiche.<\/p>\n<p>Nell\u2019estate del 2008 i lavori hanno subito uno stop per via del conflitto russo-georgiano. \u201cEro preoccupato perch\u00e9 c\u2019erano con me degli studenti \u2013 ricorda il professor Rook \u2013 per fortuna l\u2019Ambasciata italiana e l\u2019Unit\u00e0 di crisi del MAECI sono stati di una professionalit\u00e0 e attenzione encomiabile: entro pochi giorni \u00e8 stato predisposto il piano d\u2019evacuazione non solo per noi, ma anche per alcuni colleghi francesi e olandesi\u201d. Il conflitto si \u00e8 comunque sovrapposto pesantemente con il programma dei lavori. A settembre 2008 era in programma la musealizzazione dell\u2019area, poi avvenuta il 24 settembre 2009, anniversario della scoperta della prima mandibola. Da quella data il sito \u00e8 aperto al pubblico. \u201cPer la prima volta \u2013 sottolinea il professor Rook \u2013 si rende visitabile un sito durante i lavori e il visitatore pu\u00f2 vedere le persone all\u2019opera\u201d.<\/p>\n<p>La componente italiana ha responsabilit\u00e0 in tre campi specifici: il Professor Rook si occupa dello studio di una parte della fauna, la Dottoressa Longo del museo Civico di Storia Naturale di Verona segue l\u2019industria litica e il Dottor Berna, che lavora all\u2019universit\u00e0 di Boston, studia la geoarcheologia (analisi dei minerali e dei sedimenti).<\/p>\n<p>Per ulteriori informazioni sul progetto\u00a0<a href=\"http:\/\/museum.ge\/?lang_id=ENGGEO&amp;sec_id=51\"><strong>clicca qui<\/strong><\/a>:<\/p>\n<p>Per una rassegna di articoli sul progetto:<\/p>\n<ul>\n<li><a href=\"https:\/\/ambtbilisi.esteri.it\/resource\/2013\/05\/25798_f_20130517_Fossilichampagne.pdf\">Fossili e champagne<\/a><\/li>\n<li><a href=\"https:\/\/ambtbilisi.esteri.it\/resource\/2013\/05\/25799_f_20130517_Darwin_marzo_2008.pdf\">Antico viaggio verso Eurasia<\/a><\/li>\n<li><a href=\"https:\/\/ambtbilisi.esteri.it\/resource\/2013\/05\/25800_f_20130517_Lordkipanidzeetal.pdf\">Postcranial evidence from early Homo from Dmanisi, Georgia<\/a><\/li>\n<li><a href=\"https:\/\/ambtbilisi.esteri.it\/resource\/2013\/05\/25801_f_20130517_IIPP_dmanisi.pdf\">Early Homo from Dmanisi, Georgia<\/a><\/li>\n<li><a href=\"https:\/\/ambtbilisi.esteri.it\/resource\/2013\/05\/25802_f_20130517_Gibbons_Science.pdf\">A New Body of Evidence Fleshes Out Homo erectus<\/a><\/li>\n<li><a href=\"https:\/\/ambtbilisi.esteri.it\/resource\/2013\/05\/25803_f_20130517_la_nazione.pdf\">Articolo de &#8216;La Nazione&#8217;<\/a><\/li>\n<li><a href=\"https:\/\/ambtbilisi.esteri.it\/resource\/2013\/05\/25804_f_20130517_GeorgiaToday.pdf\">Articolo di &#8216;Georgia Today&#8217;<\/a><\/li>\n<li><a href=\"https:\/\/ambtbilisi.esteri.it\/resource\/2013\/05\/25805_f_20130517_Darwin_43.pdf\">Bimestrale di scienze Darwin n.43 maggio 2011<\/a><\/li>\n<li><a href=\"https:\/\/ambtbilisi.esteri.it\/resource\/2013\/05\/25806_f_Ferringetal_Pnas_2011early.pdf\">Ferring et al PNAS 2011 Early Edition<\/a><\/li>\n<\/ul>\n","protected":false},"excerpt":{"rendered":"Missione archeologica dell\u2019Universit\u00e0 di Firenze a Dmanisi Sulle tracce della scoperta della migrazione umana dall\u2019Africa Dmanisi, localit\u00e0 al confine tra Georgia ed Armenia, \u00e8 diventata famosa perch\u00e9 ospita nel suo territorio uno dei siti archeologici su cui si concentra l\u2019attenzione pi\u00f9 viva della comunit\u00e0 scientifica internazionale. Le scoperte effettuate sul sito hanno rivoluzionato le teorie [&hellip;]","protected":false},"author":4,"featured_media":0,"parent":98,"menu_order":0,"comment_status":"closed","ping_status":"closed","template":"","meta":{"footnotes":""},"class_list":["post-505","page","type-page","status-publish","hentry"],"_links":{"self":[{"href":"https:\/\/ambtbilisi.esteri.it\/it\/wp-json\/wp\/v2\/pages\/505","targetHints":{"allow":["GET"]}}],"collection":[{"href":"https:\/\/ambtbilisi.esteri.it\/it\/wp-json\/wp\/v2\/pages"}],"about":[{"href":"https:\/\/ambtbilisi.esteri.it\/it\/wp-json\/wp\/v2\/types\/page"}],"author":[{"embeddable":true,"href":"https:\/\/ambtbilisi.esteri.it\/it\/wp-json\/wp\/v2\/users\/4"}],"replies":[{"embeddable":true,"href":"https:\/\/ambtbilisi.esteri.it\/it\/wp-json\/wp\/v2\/comments?post=505"}],"version-history":[{"count":1,"href":"https:\/\/ambtbilisi.esteri.it\/it\/wp-json\/wp\/v2\/pages\/505\/revisions"}],"predecessor-version":[{"id":506,"href":"https:\/\/ambtbilisi.esteri.it\/it\/wp-json\/wp\/v2\/pages\/505\/revisions\/506"}],"up":[{"embeddable":true,"href":"https:\/\/ambtbilisi.esteri.it\/it\/wp-json\/wp\/v2\/pages\/98"}],"wp:attachment":[{"href":"https:\/\/ambtbilisi.esteri.it\/it\/wp-json\/wp\/v2\/media?parent=505"}],"curies":[{"name":"wp","href":"https:\/\/api.w.org\/{rel}","templated":true}]}}