{"id":480,"date":"2023-09-04T14:59:01","date_gmt":"2023-09-04T10:59:01","guid":{"rendered":"https:\/\/ambtbilisi.esteri.it\/?page_id=480"},"modified":"2026-04-30T10:03:14","modified_gmt":"2026-04-30T06:03:14","slug":"altre-opportunita","status":"publish","type":"page","link":"https:\/\/ambtbilisi.esteri.it\/it\/italia-e-georgia\/diplomazia-culturale\/studiare-in-italia\/altre-opportunita\/","title":{"rendered":"Altre opportunit\u00e0"},"content":{"rendered":"<p><span style=\"text-decoration: underline;\"><strong>Opportunit\u00e0 per gli studenti<\/strong><strong>: bando dell\u2019Universit\u00e0 degli Studi di Toma Tor Vergata<\/strong><\/span><\/p>\n<p>Per l\u2019anno accademico 2026\/2027, presso l\u2019Universit\u00e0 degli Studi di Roma Tor Vergata\u00a0(Dipartimento di Economia e Finanza) \u00e8 indetta la selezione a n.\u00a0204 posti\u00a0per l\u2019ammissione al primo anno del Corso di Laurea in lingua inglese\u00a0\u201cGlobal Governance\u201d, cos\u00ec ripartiti:<\/p>\n<ol>\n<li>129 posti per studenti comunitari e non comunitari legalmente soggiornanti in Italia;<\/li>\n<li>75 posti per i cittadini non comunitari residenti all\u2019estero richiedenti visto.<\/li>\n<\/ol>\n<p>Il bando prevede diversi turni di selezione dei candidati in pi\u00f9 periodi dell\u2019anno ma \u00e8 obbligatorio, ai fini dell\u2019iscrizione e successiva immatricolazione, pena l\u2019esclusione dal concorso, rispettare le seguenti scadenze:<\/p>\n<ul>\n<li>12 febbraio 2026 (SECONDO TURNO di selezione);<\/li>\n<li>16 aprile 2026 (TERZO TURNO di selezione);<\/li>\n<li>4 giugno 2026 (QUARTO TURNO di selezione).<\/li>\n<\/ul>\n<p>Per maggiori informazioni clicca <a href=\"https:\/\/economia.uniroma2.it\/ba\/globalgovernance\/apply-now\/\"><strong>qui<\/strong><\/a>.<\/p>\n<p>&nbsp;<\/p>\n<p><span style=\"text-decoration: underline;\"><strong>Universit\u00e0 del Piemonte Orientale &#8220;Amedeo Avogadro&#8221; (UPO)<\/strong><\/span><\/p>\n<p>Scienze biologiche, politiche e sociali, informatica, chimica-fisica, biochimica, sanit\u00e0 pubblica, storia delle dottrine politiche e sociologia generale &#8211; una vasta gamma di corsi e di programmi di istruzione che l&#8217;<a href=\"http:\/\/www.uniupo.it\/it\"><strong>Universit\u00e0 del Piemonte Orientale &#8220;Amedeo Avogadro&#8221;<\/strong><\/a>\u00a0che offre agli studenti. Un vero parco della scienza e della tecnologia, un\u2019ottima posizione nel ranking nazionale delle Universit\u00e0 (primato assoluto per la produzione della ricerca scientifica in numerosi settori disciplinari e secondo posto per la Medicina sperimentale e le scienze cliniche), eccellenti corsi di alta formazione (master e dottorati di ricerca) e numerose collaborazioni internazionali (protagonista in ben 19 progetti europei).<br \/>\nL&#8217; Universit\u00e0 statale del Piemonte Orientale &#8220;Amedeo Avogadro&#8221;, fondata nel 1998 con le attivit\u00e0 didattiche divise tra le citt\u00e0 di Alessandria, Novara e Vercelli. Sono inoltre presenti sedi in altre sette citt\u00e0 del Piemonte e della Valle d&#8217;Aosta.<br \/>\nL&#8217; Universit\u00e0 \u00e8 articolata in 7 dipartimenti e una scuola di medicina che svolgono insieme le funzioni di didattica e di ricerca. Tutte le strutture vantano laboratori scientifici e informatici all\u2019avanguardia.<br \/>\nI sette dipartimenti dell&#8217;Univerit\u00e0 sono dislocate presso le tre sedi:<\/p>\n<ul>\n<li><a href=\"http:\/\/www.diss.uniupo.it\/\"><strong>Dipartimento di Scienze della Salute<\/strong><\/a>\u00a0&#8211; Novara<\/li>\n<li><a href=\"http:\/\/www.dimet.uniupo.it\/\"><strong>Dipartimento di Medicina Traslazionale<\/strong><\/a>\u00a0&#8211; Novara<\/li>\n<li><a href=\"http:\/\/www.dsf.uniupo.it\/\"><strong>Dipartimento di Scienze del Farmaco<\/strong>\u00a0<\/a>&#8211; Novara<\/li>\n<li><a href=\"http:\/\/www.disei.uniupo.it\/\"><strong>Dipartimento di Studi per l&#8217;Economia e l&#8217;Impresa<\/strong><\/a>\u00a0&#8211; Novara e Alessandria<\/li>\n<li><a href=\"http:\/\/www.disum.uniupo.it\/\"><strong>Dipartimento di Studi Umanistici<\/strong><\/a>\u00a0&#8211; Vercelli e Alessandria<\/li>\n<li><a href=\"http:\/\/www.disit.uniupo.it\/\"><strong>Dipartimento di Scienze e Innovazione Tecnologica (DISIT)<\/strong><\/a>\u00a0&#8211; Alessandria<\/li>\n<li><a href=\"http:\/\/www.digspes.uniupo.it\/\"><strong>Dipartimento di Giurisprudenza e Scienze Politiche, Economiche e Sociali<\/strong><\/a>\u00a0&#8211; Alessandria e Novara<\/li>\n<\/ul>\n<p>Presso la sede di Novara \u00e8 attivata la\u00a0<a href=\"http:\/\/www.scuolamed.uniupo.it\/\"><strong>Scuola di Medicina<\/strong><\/a>, che ha l&#8217;obiettivo di coordinare l&#8217;attivit\u00e0 didattica e di ricerca svolta dai Dipartimenti di Scienze della Salute e di Medicina Traslazionale presso l&#8217;Azienda Ospedaliero-Universitaria &#8220;Maggiore della Carit\u00e0&#8221;.<\/p>\n<p>&nbsp;<\/p>\n<p><a href=\"https:\/\/ambtbilisi.esteri.it\/wp-content\/uploads\/2026\/04\/archivio-altre_opportunita.docx\"><strong>ARCHIVIO<\/strong><\/a><\/p>\n","protected":false},"excerpt":{"rendered":"Opportunit\u00e0 per gli studenti: bando dell\u2019Universit\u00e0 degli Studi di Toma Tor Vergata Per l\u2019anno accademico 2026\/2027, presso l\u2019Universit\u00e0 degli Studi di Roma Tor Vergata\u00a0(Dipartimento di Economia e Finanza) \u00e8 indetta la selezione a n.\u00a0204 posti\u00a0per l\u2019ammissione al primo anno del Corso di Laurea in lingua inglese\u00a0\u201cGlobal Governance\u201d, cos\u00ec ripartiti: 129 posti per studenti comunitari e [&hellip;]","protected":false},"author":4,"featured_media":0,"parent":99,"menu_order":0,"comment_status":"closed","ping_status":"closed","template":"","meta":{"footnotes":""},"class_list":["post-480","page","type-page","status-publish","hentry"],"_links":{"self":[{"href":"https:\/\/ambtbilisi.esteri.it\/it\/wp-json\/wp\/v2\/pages\/480","targetHints":{"allow":["GET"]}}],"collection":[{"href":"https:\/\/ambtbilisi.esteri.it\/it\/wp-json\/wp\/v2\/pages"}],"about":[{"href":"https:\/\/ambtbilisi.esteri.it\/it\/wp-json\/wp\/v2\/types\/page"}],"author":[{"embeddable":true,"href":"https:\/\/ambtbilisi.esteri.it\/it\/wp-json\/wp\/v2\/users\/4"}],"replies":[{"embeddable":true,"href":"https:\/\/ambtbilisi.esteri.it\/it\/wp-json\/wp\/v2\/comments?post=480"}],"version-history":[{"count":6,"href":"https:\/\/ambtbilisi.esteri.it\/it\/wp-json\/wp\/v2\/pages\/480\/revisions"}],"predecessor-version":[{"id":7885,"href":"https:\/\/ambtbilisi.esteri.it\/it\/wp-json\/wp\/v2\/pages\/480\/revisions\/7885"}],"up":[{"embeddable":true,"href":"https:\/\/ambtbilisi.esteri.it\/it\/wp-json\/wp\/v2\/pages\/99"}],"wp:attachment":[{"href":"https:\/\/ambtbilisi.esteri.it\/it\/wp-json\/wp\/v2\/media?parent=480"}],"curies":[{"name":"wp","href":"https:\/\/api.w.org\/{rel}","templated":true}]}}