{"id":46,"date":"2023-04-11T18:11:52","date_gmt":"2023-04-11T16:11:52","guid":{"rendered":"https:\/\/ambasciatapraga.esteri.it\/?page_id=46"},"modified":"2025-10-08T10:52:18","modified_gmt":"2025-10-08T06:52:18","slug":"cooperazione-allo-sviluppo","status":"publish","type":"page","link":"https:\/\/ambtbilisi.esteri.it\/it\/italia-e-georgia\/cooperazione-allo-sviluppo\/","title":{"rendered":"Cooperazione allo sviluppo"},"content":{"rendered":"<p>Dal 2010 la Georgia non rientra pi\u00f9 nei Paesi benificiari di progetti di cooperazione allo sviluppo del Governo italiano.<\/p>\n<p>Gli interventi effettuati in passato, portati avanti attraverso una sinergica collaborazione con il Governo georgiano e gli altri donatori internazionali, si sono indirizzati prevalentemente verso la realizzazione di programmi umanitari atti a far fronte alla siccit\u00e0 e miranti a ristabilire le condizioni per l\u2019autosufficienza alimentare della popolazione georgiana.<\/p>\n<p>La breve guerra scoppiata nel 2008 con la Russia ha condotto ad un ulteriore rafforzamento degli sforzi e degli aiuti italiani nei confronti del Paese caucasico. Dal marzo 2009 fino all&#8217;aprile 2010 \u00e8 stato operante presso l\u2019Ambasciata un\u00a0<strong>Ufficio della Cooperazione Italiana allo Sviluppo<\/strong>, che ha attuato le\u00a0iniziative\u00a0previste nell&#8217;ambito del Programma AID 9194 a favore delle vittime del conflitto russo-georgiano dell&#8217;agosto 2008, realizzando progetti divenuti vere e proprie &#8220;best practices&#8221; per tutta la comunit\u00e0 di donatori in Georgia.<\/p>\n<p>Oggi, pur non rientrando pi\u00f9 tra i Paesi in via di sviluppo, la Georgia continua a beneficiare dell\u2019attenzione e del supporto dell\u2019Italia attraverso altri strumenti. Innanzitutto grazie ai consistenti contributi italiani al bilancio dell\u2019Unione Europea, di cui una significativa parte \u00e8 destinata ad iniziative di cooperazione allo sviluppo, attraverso vari strumenti finanziari (ENI, EaP). L\u2019assistenza europea alla Georgia si concentra principalmente sul supporto all\u2019attuazione di riforme politiche e socio-economiche.<\/p>\n<p>L\u2019Italia continua inoltre a sostenere la cooperazione multilaterale tramite organismi internazionali, non solo attraverso contributi di natura obbligatoria, ma spesso anche su base volontaria.<\/p>\n<p>&nbsp;<\/p>\n<p><span style=\"text-decoration: underline;\"><strong>Attivit\u00e0 (2008-2014)<\/strong><\/span>:<\/p>\n<p>Dal 2010 la Georgia non rientra pi\u00f9 tra i Paesi beneficiari della cooperazione allo sviluppo italiano, bench\u00e9 continuino a realizzarsi attivit\u00e0 ad hoc, spesso\u00a0in collaborazione con organizzazioni non governative.\u00a0Di seguito l&#8217;elenco\u00a0delle attivit\u00e0 svolte negli ultimi anni:<\/p>\n<ul>\n<li><strong>Palermo, progetto \u201cARGO III\u201d per l\u2019accoglienza in Italia di bambini sfollati georgiani<\/strong><\/li>\n<li><strong>Il Ministero degli Esteri italiano finanzia un progetto di accoglienza in Italia per bambini sfollati dalla Georgia<\/strong><\/li>\n<li><strong>Sostegno al progetto \u201cCommunity Reading Center for Vulnerable Children\u201d nella citt\u00e0 di Gori<\/strong><\/li>\n<li><strong>Sostegno al progetto Caritas di assistenza alimentare e sanitaria a Tbilisi e Kutaisi<\/strong><\/li>\n<li><strong>L\u2019Ambasciatore d\u2019Italia a Tbilisi, insieme al Nunzio Apostolico e al Ministro georgiano per gli sfollati, ha inaugurato la scuola professionale di falegnameria a Tbilisi<\/strong><\/li>\n<li><strong>La Caritas Georgia inaugura la scuola materna di Shavshvebi<\/strong><\/li>\n<li><strong>Accordi di cooperazione firmati dall\u2019Ambasciata d\u2019Italia a Tbilisi nel corso del 2009<\/strong><\/li>\n<li><strong>Giornata Mondiale dell\u2019Alimentazione 2009<\/strong><\/li>\n<li><strong>Visite dell\u2019Ambasciatore Sandalli ad alcune delle attivit\u00e0 organizzate dalla Cooperazione Italiana in Georgia<\/strong><\/li>\n<li><strong>Inaugurazione degli impianti idrici dei villaggi di Shindisi e Pkhvenisi<\/strong><\/li>\n<li><strong>L&#8217;Ambasciata lancia, ai cantieri della \u201cEuropean House\u201d di Tbilisi, il Progetto \u201cARGO\u201d per i giovani sfollati da Abkhazia ed Ossetia del Sud<\/strong><\/li>\n<li><strong>Esposizione dei lavori di maglia, cucito, ricamo e feltro realizzati da donne sfollate<\/strong><\/li>\n<\/ul>\n","protected":false},"excerpt":{"rendered":"Dal 2010 la Georgia non rientra pi\u00f9 nei Paesi benificiari di progetti di cooperazione allo sviluppo del Governo italiano. Gli interventi effettuati in passato, portati avanti attraverso una sinergica collaborazione con il Governo georgiano e gli altri donatori internazionali, si sono indirizzati prevalentemente verso la realizzazione di programmi umanitari atti a far fronte alla siccit\u00e0 [&hellip;]","protected":false},"author":1,"featured_media":0,"parent":14,"menu_order":6,"comment_status":"closed","ping_status":"closed","template":"","meta":{"footnotes":""},"class_list":["post-46","page","type-page","status-publish","hentry"],"_links":{"self":[{"href":"https:\/\/ambtbilisi.esteri.it\/it\/wp-json\/wp\/v2\/pages\/46","targetHints":{"allow":["GET"]}}],"collection":[{"href":"https:\/\/ambtbilisi.esteri.it\/it\/wp-json\/wp\/v2\/pages"}],"about":[{"href":"https:\/\/ambtbilisi.esteri.it\/it\/wp-json\/wp\/v2\/types\/page"}],"author":[{"embeddable":true,"href":"https:\/\/ambtbilisi.esteri.it\/it\/wp-json\/wp\/v2\/users\/1"}],"replies":[{"embeddable":true,"href":"https:\/\/ambtbilisi.esteri.it\/it\/wp-json\/wp\/v2\/comments?post=46"}],"version-history":[{"count":5,"href":"https:\/\/ambtbilisi.esteri.it\/it\/wp-json\/wp\/v2\/pages\/46\/revisions"}],"predecessor-version":[{"id":6575,"href":"https:\/\/ambtbilisi.esteri.it\/it\/wp-json\/wp\/v2\/pages\/46\/revisions\/6575"}],"up":[{"embeddable":true,"href":"https:\/\/ambtbilisi.esteri.it\/it\/wp-json\/wp\/v2\/pages\/14"}],"wp:attachment":[{"href":"https:\/\/ambtbilisi.esteri.it\/it\/wp-json\/wp\/v2\/media?parent=46"}],"curies":[{"name":"wp","href":"https:\/\/api.w.org\/{rel}","templated":true}]}}