{"id":45,"date":"2023-04-11T18:10:55","date_gmt":"2023-04-11T16:10:55","guid":{"rendered":"https:\/\/ambasciatapraga.esteri.it\/?page_id=45"},"modified":"2023-08-28T15:21:17","modified_gmt":"2023-08-28T11:21:17","slug":"diplomazia-scientifica","status":"publish","type":"page","link":"https:\/\/ambtbilisi.esteri.it\/it\/italia-e-georgia\/diplomazia-scientifica\/","title":{"rendered":"Diplomazia scientifica"},"content":{"rendered":"<p>La cooperazione tra Italia e Georgia \u00e8 in crescita anche in campo scientifico e tecnologico.<\/p>\n<p>Un progetto di grande visione, che vede il coinvolgimento in prima fila dell\u2019Italia, \u00e8\u00a0la realizzazione di un\u00a0<a href=\"https:\/\/www.facebook.com\/people\/%E1%83%A1%E1%83%90%E1%83%A5%E1%83%90%E1%83%A0%E1%83%97%E1%83%95%E1%83%94%E1%83%9A%E1%83%9D%E1%83%A1-%E1%83%A2%E1%83%94%E1%83%A5%E1%83%9C%E1%83%9D%E1%83%9A%E1%83%9D%E1%83%92%E1%83%98%E1%83%A3%E1%83%A0%E1%83%98-%E1%83%98%E1%83%9C%E1%83%A1%E1%83%A2%E1%83%98%E1%83%A2%E1%83%A3%E1%83%A2%E1%83%98-Technological-Institute-of-Georgia\/100065603825239\/\"><strong>Istituto Tecnologico della Georgia<\/strong><\/a>, primo centro scientifico d\u2019eccellenza del paese, capace di formare una nuova generazione di scienziati, attrarre ricercatori e pazienti da tutto il mondo e sviluppare collaborazioni con altri Paesi. Nucleo del progetto \u00e8 un centro di adroterapia oncologica tramite l\u2019utilizzo di un acceleratore di particelle da sviluppare in Georgia. Numerosi sono gli scienziati italiani presenti nell\u2019advisory board internazionale dell\u2019Istituto. Un rapporto di stretta collaborazione dunque, testimoniato anche dai legami con il nostro\u00a0<a href=\"https:\/\/home.infn.it\/it\/\"><strong>INFN<\/strong><\/a>, Istituto Nazionale di Fisica Nucleare, e con il\u00a0<a href=\"https:\/\/fondazionecnao.it\/\"><strong>CNAO<\/strong><\/a>, il Centro Nazionale di Adrotrerapia Oncologica di Pavia, punti di riferimento del nuovo Istituto Tecnologico.<\/p>\n<p><img loading=\"lazy\" decoding=\"async\" class=\"size-full wp-image-363 img-fluid aligncenter\" src=\"https:\/\/ambtbilisi.esteri.it\/wp-content\/uploads\/2023\/08\/Scienza-1.jpg\" alt=\"\" width=\"660\" height=\"260\" srcset=\"https:\/\/ambtbilisi.esteri.it\/wp-content\/uploads\/2023\/08\/Scienza-1.jpg 660w, https:\/\/ambtbilisi.esteri.it\/wp-content\/uploads\/2023\/08\/Scienza-1-300x118.jpg 300w\" sizes=\"auto, (max-width: 660px) 100vw, 660px\" \/><\/p>\n<p>Degna di nota \u00e8 anche la collaborazione tra il\u00a0<a href=\"https:\/\/www.cnr.it\/\"><strong>Consiglio Nazionale delle Ricerche Italiano<\/strong><\/a>\u00a0(CNR) e la\u00a0<a href=\"https:\/\/rustaveli.org.ge\/\"><strong>Fondazione Shota Rustaveli della Georgia<\/strong><\/a>. Le due istituzioni scientifiche concludono accordi biennali per sostenere in ogni biennio 5 progetti bilaterali in diversi settori. Per visualizzare i diversi progetti avviati\u00a0clicca qui.<\/p>\n<p>Sempre pi\u00f9 stretta la collaborazione nel campo sanitario, basti citare l&#8217;accordo di collaborazione tra l\u2019Ospedale Pediatrico M. Iashvili di Tbilisi e l&#8217;<a href=\"http:\/\/www.gaslini.org\/\"><strong>Istituto Giannina Gaslini<\/strong><\/a>\u00a0di Genova che prevede lo scambio di esperienze e la creazione di un network dedicato alla condivisione degli aspetti clinici, di ricerca e della formazione professionale del personale medico infermieristico locale e il memorandum recentemente firmato tra le divisioni di cardiochirurgia dell&#8217;<a href=\"https:\/\/www.ospedalebambinogesu.it\/\"><strong>Ospedale Bambino Ges\u00f9<\/strong><\/a>\u00a0e dell&#8217;Ospedale pediatrico Iashvili di Tbilisi che prevede interventi cardiochirurgici e coordinamento per affrontare casi gravi, avvio dei programmi congiunti e organizzazione di corsi di formazione per il personale medico e infermieristico.<\/p>\n<p>Un modello di cooperazione scientifica al servizio del patrimonio culturale \u00e8 il progetto\u00a0Multidisciplinary survey and monitoring of the Vardzia rock cut complex\u00a0che vede da anni lavorare insieme istituzioni e aziende italiane e georgiane per proteggere il sito archeologico di Vardzia. Citt\u00e0-monastero scavata nella roccia e prevalentemente realizzata nel XII secolo d.C., questo tesoro straordinario della cultura georgiana pu\u00f2 vantare pi\u00f9 di 600 stanze sparse su 13 diversi livelli. Un tesoro prezioso, ma anche fragile. Soggetto a crolli e degrado della roccia, oltre a possibili movimenti sismici.<br \/>\nEcco quindi la necessit\u00e0 di capire, monitorare, prevenire. Una prima componente \u00e8 quella geotecnica: l&#8217;identificazione e sistematizzazione di dati su frane, materiali, geologia, sismicit\u00e0. La seconda dimensione \u00e8 quella del monitoraggio effettuato con sofisticati strumenti tecnologici (un sistema installato nel 2012 da un\u2019azienda italiana consente ad esempio di registrare ogni 15 minuti eventuali movimenti in oltre 50 mila punti della montagna di Erusheti), con accuratezza millimetrica. La terza fase \u00e8 quella della prevenzione: la proposta e implementazione di soluzioni ingegneristiche atte a mitigare il rischio e le conseguenze di crolli di porzioni della rupe, ivi incluso i resti dell\u2019insediamento archeologico.<br \/>\nL\u2019iniziativa \u00e8 basata su tre principi fondamentali: acquisizione di conoscenza avanzate, condivisione e capacity building. A lavorare fianco a fianco sono molti soggetti: l\u2019<a href=\"https:\/\/www.isprambiente.gov.it\/it\"><strong>ISPRA<\/strong><\/a>\u00a0(Istituto Superiore per la Protezione e la Ricerca Ambientale), l\u2019<a href=\"https:\/\/www.heritagesites.ge\/en\"><strong>Agenzia Nazionale per la Tutela del Patrimonio culturale della Georgia<\/strong><\/a>\u00a0e varie universit\u00e0 (Bologna, Firenze,\u00a0<a href=\"https:\/\/www.unimib.it\/\"><strong>Milano Bicocca<\/strong><\/a>, Roma,\u00a0<a href=\"https:\/\/iliauni.edu.ge\/en\/\"><strong>Ilia State University<\/strong><\/a>), cos\u00ec come varie imprese specializzate italiane che hanno fornito tecnologie per l\u2019acquisizione dei dati (rilievi laser) e il continuo controllo (monitoraggio radar terrestre). Il progetto \u00e8 coordinato dal Prof. Claudio Margottini e dall\u2019ing. Daniele Spizzichino.<\/p>\n<p><img loading=\"lazy\" decoding=\"async\" class=\"size-full wp-image-365 img-fluid aligncenter\" src=\"https:\/\/ambtbilisi.esteri.it\/wp-content\/uploads\/2023\/08\/Scienza-3.jpg\" alt=\"\" width=\"640\" height=\"480\" srcset=\"https:\/\/ambtbilisi.esteri.it\/wp-content\/uploads\/2023\/08\/Scienza-3.jpg 640w, https:\/\/ambtbilisi.esteri.it\/wp-content\/uploads\/2023\/08\/Scienza-3-300x225.jpg 300w\" sizes=\"auto, (max-width: 640px) 100vw, 640px\" \/><\/p>\n","protected":false},"excerpt":{"rendered":"La cooperazione tra Italia e Georgia \u00e8 in crescita anche in campo scientifico e tecnologico. Un progetto di grande visione, che vede il coinvolgimento in prima fila dell\u2019Italia, \u00e8\u00a0la realizzazione di un\u00a0Istituto Tecnologico della Georgia, primo centro scientifico d\u2019eccellenza del paese, capace di formare una nuova generazione di scienziati, attrarre ricercatori e pazienti da tutto [&hellip;]","protected":false},"author":1,"featured_media":0,"parent":14,"menu_order":4,"comment_status":"closed","ping_status":"closed","template":"","meta":{"footnotes":""},"class_list":["post-45","page","type-page","status-publish","hentry"],"_links":{"self":[{"href":"https:\/\/ambtbilisi.esteri.it\/it\/wp-json\/wp\/v2\/pages\/45","targetHints":{"allow":["GET"]}}],"collection":[{"href":"https:\/\/ambtbilisi.esteri.it\/it\/wp-json\/wp\/v2\/pages"}],"about":[{"href":"https:\/\/ambtbilisi.esteri.it\/it\/wp-json\/wp\/v2\/types\/page"}],"author":[{"embeddable":true,"href":"https:\/\/ambtbilisi.esteri.it\/it\/wp-json\/wp\/v2\/users\/1"}],"replies":[{"embeddable":true,"href":"https:\/\/ambtbilisi.esteri.it\/it\/wp-json\/wp\/v2\/comments?post=45"}],"version-history":[{"count":7,"href":"https:\/\/ambtbilisi.esteri.it\/it\/wp-json\/wp\/v2\/pages\/45\/revisions"}],"predecessor-version":[{"id":369,"href":"https:\/\/ambtbilisi.esteri.it\/it\/wp-json\/wp\/v2\/pages\/45\/revisions\/369"}],"up":[{"embeddable":true,"href":"https:\/\/ambtbilisi.esteri.it\/it\/wp-json\/wp\/v2\/pages\/14"}],"wp:attachment":[{"href":"https:\/\/ambtbilisi.esteri.it\/it\/wp-json\/wp\/v2\/media?parent=45"}],"curies":[{"name":"wp","href":"https:\/\/api.w.org\/{rel}","templated":true}]}}