{"id":44,"date":"2023-04-11T18:10:45","date_gmt":"2023-04-11T16:10:45","guid":{"rendered":"https:\/\/ambasciatapraga.esteri.it\/?page_id=44"},"modified":"2025-10-08T10:27:52","modified_gmt":"2025-10-08T06:27:52","slug":"diplomazia-culturale","status":"publish","type":"page","link":"https:\/\/ambtbilisi.esteri.it\/it\/italia-e-georgia\/diplomazia-culturale\/","title":{"rendered":"Diplomazia culturale"},"content":{"rendered":"<p>Le relazioni culturali tra Italia e Georgia si fondano su una ricca e plurisecolare tradizione di reciproche interazioni. Si tratta di una storia che ha conosciuto momenti di grande intensit\u00e0, ma che \u00e8 ancora relativamente poco nota al grande pubblico in Italia. Per questo motivo ci \u00e8 sembrato opportuno pubblicare qui alcuni cenni di carattere storico oltre alle notizie di attualit\u00e0.<\/p>\n<p>Il principale quadro di riferimento \u00e8 oggi rappresentato dall&#8217;Accordo Culturale e Scientifico, firmato nel 1997 e ratificato nel 1998. L\u2019ultimo protocollo \u00e8 stato concluso nel 2023. I settori pi\u00f9 vivaci di cooperazione? La collaborazione in campo artistico, archeologico, operistico, cinematografico e teatrale, l&#8217;istruzione scolastica e universitaria, l&#8217;insegnamento della lingua italiana e le borse di studio offerte dal Governo Italiano ai giovani georgiani. L&#8217;Italia \u00e8 tradizionalmente impegnata non soltanto a diffondere la propria cultura, ma anche a sostenere le Istituzioni culturali georgiane nello sforzo di valorizzazione dell&#8217;immenso patrimonio artistico e umano vanto del Paese caucasico. Si tratta di una concezione dei rapporti culturali che si inquadra in una strategia di crescente integrazione politica, sociale ed economica.<\/p>\n<p><img loading=\"lazy\" decoding=\"async\" class=\"aligncenter size-large wp-image-374 img-fluid\" src=\"https:\/\/ambtbilisi.esteri.it\/wp-content\/uploads\/2023\/08\/Cooperazione-culturale-e-scientifica-1024x438.jpg\" alt=\"\" width=\"640\" height=\"274\" srcset=\"https:\/\/ambtbilisi.esteri.it\/wp-content\/uploads\/2023\/08\/Cooperazione-culturale-e-scientifica-1024x438.jpg 1024w, https:\/\/ambtbilisi.esteri.it\/wp-content\/uploads\/2023\/08\/Cooperazione-culturale-e-scientifica-300x128.jpg 300w, https:\/\/ambtbilisi.esteri.it\/wp-content\/uploads\/2023\/08\/Cooperazione-culturale-e-scientifica-768x328.jpg 768w, https:\/\/ambtbilisi.esteri.it\/wp-content\/uploads\/2023\/08\/Cooperazione-culturale-e-scientifica.jpg 1093w\" sizes=\"auto, (max-width: 640px) 100vw, 640px\" \/><\/p>\n<p>In Georgia, le frequenti iniziative organizzate da persone, associazioni, imprese ed enti locali hanno dato vita a un tessuto fitto di relazioni con l&#8217;Italia. Basti citare alcune delle tante realt\u00e0 esistenti per rendersi conto del grado di amicizia tra le societ\u00e0 civili dei due paesi: il comitato di Tbilisi della Societ\u00e0 Dante Alighieri, centro di promozione della lingua e della cultura italiana; la scuola Tsiskari di Tbilisi, che offre una sezione bilingue in italiano (con alcune materie, sia scientifiche che umanistiche, insegnate nella nostra lingua; le numerose missioni archeologiche italiane operanti in quella che fu l&#8217;antica Colchide, tra le quali la collaborazione tra l&#8217;Universit\u00e0 di Firenze e il Museo Nazionale Georgiano negli scavi paleoantropologici di Dmanisi &#8211; le cui scoperte, di rilievo mondiale, hanno cambiato consolidate teorie sull&#8217;evoluzione della nostra specie. Un grande dinamismo che trova un saldo fondamento nel comune sentire europeo della societ\u00e0 civile georgiana, in cui un posto davvero speciale viene riservato all&#8217;Italia, e che l\u2019Ambasciata italiana a Tbilisi si impegna ad incoraggiare.<\/p>\n<p>&nbsp;<\/p>\n<p><em>Le attivit\u00e0 2025 dell\u2019Ambasciata d\u2019Italia a Tbilisi sono realizzate grazie anche al contributo dei seguenti Platinum Sponsor e di altri <a href=\"https:\/\/ambtbilisi.esteri.it\/it\/italia-e-georgia\/diplomazia-culturale\/sponsor\/\"><strong>Sponsor<\/strong><\/a>:<\/em><\/p>\n<p>&nbsp;<\/p>\n<p><a href=\"https:\/\/www.tbcbank.ge\/web\/ka\"><img loading=\"lazy\" decoding=\"async\" class=\"size-thumbnail wp-image-373 img-fluid aligncenter\" src=\"https:\/\/ambtbilisi.esteri.it\/wp-content\/uploads\/2023\/08\/TBC-logo-150x150.jpg\" alt=\"\" width=\"150\" height=\"150\" srcset=\"https:\/\/ambtbilisi.esteri.it\/wp-content\/uploads\/2023\/08\/TBC-logo-150x150.jpg 150w, https:\/\/ambtbilisi.esteri.it\/wp-content\/uploads\/2023\/08\/TBC-logo-300x300.jpg 300w, https:\/\/ambtbilisi.esteri.it\/wp-content\/uploads\/2023\/08\/TBC-logo.jpg 326w\" sizes=\"auto, (max-width: 150px) 100vw, 150px\" \/><\/a><\/p>\n<p><a href=\"https:\/\/fresco.ge\/en\/home\"><img loading=\"lazy\" decoding=\"async\" class=\"aligncenter size-full wp-image-5361 img-fluid\" src=\"https:\/\/ambtbilisi.esteri.it\/wp-content\/uploads\/2025\/05\/Fresco-didi.jpg\" alt=\"\" width=\"300\" height=\"93\" \/><\/a><\/p>\n<p><a href=\"https:\/\/gulf.ge\/en\/home\"><img loading=\"lazy\" decoding=\"async\" class=\"aligncenter size-full wp-image-5333 img-fluid\" src=\"https:\/\/ambtbilisi.esteri.it\/wp-content\/uploads\/2025\/05\/Gulf-logo.jpg\" alt=\"\" width=\"143\" height=\"148\" \/><\/a><\/p>\n<p align=\"left\">Per un elenco completo degli eventi del 2024 <strong><a href=\"https:\/\/ambtbilisi.esteri.it\/it\/news\/dall_ambasciata\/2024\/12\/2024-gli-eventi-principali-promossi-o-sostenuti-dallambasciata\/\">clicca qui<\/a>.<br \/>\n<\/strong>Per un elenco completo degli eventi del 2023 <strong><a href=\"https:\/\/ambtbilisi.esteri.it\/it\/news\/dall_ambasciata\/2023\/12\/2023-gli-eventi-principali-promossi-o-sostenuti-dallambasciata\/\">clicca qui<\/a>.<\/strong><br \/>\nPer un elenco completo degli eventi del 2022\u00a0<a href=\"https:\/\/ambtbilisi.esteri.it\/ambasciata_tbilisi\/it\/ambasciata\/news\/dall_ambasciata\/2022\/12\/2022-gli-eventi-principali-promossi.html\"><strong>clicca qui<\/strong><\/a>\u00a0e consulta (per i singoli eventi) le notizie di questo sito e la\u00a0<a href=\"https:\/\/www.facebook.com\/AmbasciataTbilisi\/\"><strong>nostra pagina Facebook<\/strong><\/a>.<br \/>\nPer un elenco completo degli eventi del 2021\u00a0<a href=\"https:\/\/ambtbilisi.esteri.it\/ambasciata_tbilisi\/it\/ambasciata\/news\/dall_ambasciata\/2021-gli-eventi-principali-promossi.html\"><strong>clicca qui<\/strong><\/a>.<br \/>\nPer un elenco completo degli eventi del 2020\u00a0<a href=\"https:\/\/ambtbilisi.esteri.it\/ambasciata_tbilisi\/it\/ambasciata\/news\/dall_ambasciata\/2020\/11\/settimana-della-cucina-italiana_8.html\"><strong>clicca<\/strong>\u00a0<strong>qui<\/strong><\/a>.<br \/>\nPer un elenco completo degli eventi del 2019\u00a0<a href=\"https:\/\/ambtbilisi.esteri.it\/ambasciata_tbilisi\/it\/ambasciata\/news\/dall_ambasciata\/2020\/02\/2019-gli-eventi-principali-promossi.html\"><strong>clicca qui<\/strong><\/a>, per un elenco completo degli eventi del 2018\u00a0<a href=\"https:\/\/ambtbilisi.esteri.it\/ambasciata_tbilisi\/it\/ambasciata\/news\/dall_ambasciata\/2018-gli-eventi-principali-promossi.html\"><strong>clicca qui<\/strong><\/a>, per il 2017\u00a0<a href=\"https:\/\/ambtbilisi.esteri.it\/ambasciata_tbilisi\/it\/ambasciata\/news\/dall_ambasciata\/eventi-2017.html\"><strong>clicca qui<\/strong><\/a>, mentre per il 2016\u00a0<a href=\"https:\/\/ambtbilisi.esteri.it\/ambasciata_tbilisi\/it\/ambasciata\/news\/dall_ambasciata\/2016\/12\/2016-un-anno-di-emozioni.html\"><strong>clicca qui<\/strong><\/a>.<\/p>\n<p>Molto intensa \u00e8 anche la cooperazione scientifica tra i nostri due Paesi. Per saperne di pi\u00f9,\u00a0<a href=\"https:\/\/ambtbilisi.esteri.it\/it\/italia-e-georgia\/diplomazia-scientifica\/\"><strong>clicca qui<\/strong><\/a>.<\/p>\n<p align=\"left\"><strong><br \/>\nLink utili:<\/strong><\/p>\n<p><a href=\"https:\/\/www.facebook.com\/ministerodellacultura\/\"><strong>Ministero della Cultura<\/strong><\/a><br \/>\n<a title=\"Vai al sito Art &amp; Culture for Georgia\" href=\"http:\/\/www.labiennale.org\/it\/Home.html\"><strong>La Biennale di Venezia<\/strong><\/a><br \/>\n<a title=\"Vai al sito Art &amp; Culture for Georgia\" href=\"http:\/\/www.italicon.it\/\"><strong>ICon &#8211; Il portale della cultura italiana<\/strong><\/a><br \/>\n<a title=\"Vai al sito Art &amp; Culture for Georgia\" href=\"http:\/\/www.italiaplease.com\/ita\/categorie\/culture\/spettacoli\/musica\"><strong>Musica in Italia<\/strong><\/a><br \/>\n<a href=\"https:\/\/www.mim.gov.it\/web\/guest\/home\"><strong>Ministero dell\u2019Istruzione e del Merito<\/strong><\/a><br \/>\n<a href=\"https:\/\/www.facebook.com\/ENITItalia\/\"><strong>Enit &#8211; Agenzia Nazionale del Turismo<\/strong><\/a><br \/>\n<a title=\"Vai al sito Art &amp; Culture for Georgia\" href=\"http:\/\/www.touringclub.it\/\"><strong>Touring Club Italiano<\/strong><\/a><\/p>\n","protected":false},"excerpt":{"rendered":"Le relazioni culturali tra Italia e Georgia si fondano su una ricca e plurisecolare tradizione di reciproche interazioni. Si tratta di una storia che ha conosciuto momenti di grande intensit\u00e0, ma che \u00e8 ancora relativamente poco nota al grande pubblico in Italia. Per questo motivo ci \u00e8 sembrato opportuno pubblicare qui alcuni cenni di carattere [&hellip;]","protected":false},"author":1,"featured_media":0,"parent":14,"menu_order":2,"comment_status":"closed","ping_status":"closed","template":"","meta":{"footnotes":""},"class_list":["post-44","page","type-page","status-publish","hentry"],"_links":{"self":[{"href":"https:\/\/ambtbilisi.esteri.it\/it\/wp-json\/wp\/v2\/pages\/44","targetHints":{"allow":["GET"]}}],"collection":[{"href":"https:\/\/ambtbilisi.esteri.it\/it\/wp-json\/wp\/v2\/pages"}],"about":[{"href":"https:\/\/ambtbilisi.esteri.it\/it\/wp-json\/wp\/v2\/types\/page"}],"author":[{"embeddable":true,"href":"https:\/\/ambtbilisi.esteri.it\/it\/wp-json\/wp\/v2\/users\/1"}],"replies":[{"embeddable":true,"href":"https:\/\/ambtbilisi.esteri.it\/it\/wp-json\/wp\/v2\/comments?post=44"}],"version-history":[{"count":7,"href":"https:\/\/ambtbilisi.esteri.it\/it\/wp-json\/wp\/v2\/pages\/44\/revisions"}],"predecessor-version":[{"id":6544,"href":"https:\/\/ambtbilisi.esteri.it\/it\/wp-json\/wp\/v2\/pages\/44\/revisions\/6544"}],"up":[{"embeddable":true,"href":"https:\/\/ambtbilisi.esteri.it\/it\/wp-json\/wp\/v2\/pages\/14"}],"wp:attachment":[{"href":"https:\/\/ambtbilisi.esteri.it\/it\/wp-json\/wp\/v2\/media?parent=44"}],"curies":[{"name":"wp","href":"https:\/\/api.w.org\/{rel}","templated":true}]}}