{"id":39,"date":"2023-04-11T17:55:33","date_gmt":"2023-04-11T15:55:33","guid":{"rendered":"https:\/\/ambasciatapraga.esteri.it\/?page_id=39"},"modified":"2025-11-13T15:11:21","modified_gmt":"2025-11-13T11:11:21","slug":"la-sede","status":"publish","type":"page","link":"https:\/\/ambtbilisi.esteri.it\/it\/chi-siamo\/la-sede\/","title":{"rendered":"La Sede"},"content":{"rendered":"<p><strong>L\u2019Ambasciata<\/strong><\/p>\n<p>L\u2019Ambasciata d\u2019Italia ha sede nel cuore dello storico quartiere di Mtatsminda. Questa parte della citt\u00e0, a pochi passi da Via Rustaveli e da Piazza della Libert\u00e0, il cuore della Capitale, conserva un\u2019atmosfera di antico crocevia eurasiatico, con vicoli tortuosi, vecchi palazzi, piazze alberate e un gran numero di bar e caff\u00e8 sempre frequentati. Il tutto dominato dal monte Mtatsminda, sulla punta del quale svetta la colorata torre della televisione, uno dei simboli di Tbilisi.<br \/>\nSituata in via Chitadze 3a, si trova di fronte al\u00a0<a href=\"https:\/\/mfa.gov.ge\/\"><strong>Ministero degli Esteri<\/strong><\/a>, e a pochi passi dal\u00a0<a href=\"https:\/\/www.parliament.ge\/en\/\"><strong>Parlamento<\/strong><\/a>\u00a0e dalla\u00a0<a href=\"https:\/\/www.facebook.com\/GeorgianGovernment\/\"><strong>Cancelleria di Stato<\/strong><\/a>.<br \/>\nL\u2019immobile si compone di tre piani in cui sono ospitati la Cancelleria Consolare, l\u2019Ufficio Visti (a cui il pubblico pu\u00f2 accedere da un ingresso posto all\u2019interno del cortile), l\u2019Ufficio Commerciale e la Cancelleria diplomatica. Nei locali dell\u2019Ambasciata \u00e8 ospitato anche il <a href=\"https:\/\/ambtbilisi.esteri.it\/it\/italia-e-georgia\/diplomazia-economica\/fare-affari-in-georgia\/lice-agenzia-per-la-promozione-allestero-e-linternazionalizzazione-delle-imprese-italiane-attivita-in-georgia\/\"><strong>Punto di corrispondenza ICE di Tbilisi<\/strong><\/a>.<\/p>\n<p>&nbsp;<\/p>\n<p><img loading=\"lazy\" decoding=\"async\" class=\"aligncenter wp-image-162 img-fluid\" src=\"https:\/\/ambtbilisi.esteri.it\/wp-content\/uploads\/2023\/08\/ambasciata_per_sito-300x175.jpg\" alt=\"ambasciata_per_sito\" width=\"402\" height=\"234\" srcset=\"https:\/\/ambtbilisi.esteri.it\/wp-content\/uploads\/2023\/08\/ambasciata_per_sito-300x175.jpg 300w, https:\/\/ambtbilisi.esteri.it\/wp-content\/uploads\/2023\/08\/ambasciata_per_sito-768x448.jpg 768w, https:\/\/ambtbilisi.esteri.it\/wp-content\/uploads\/2023\/08\/ambasciata_per_sito.jpg 931w\" sizes=\"auto, (max-width: 402px) 100vw, 402px\" \/><\/p>\n<p>&nbsp;<\/p>\n<p><strong>La residenza dell\u2019Ambasciatore<br \/>\n<\/strong><br \/>\nAffacciata sulla caratteristica sponda rocciosa del fiume Mktvari, si trova la Residenza dell\u2019Ambasciatore ospitata in una palazzina storica fra le pi\u00f9 prestigiose di Tbilisi in una delle zone pi\u00f9 pittoresche e caratteristiche della citt\u00e0.<br \/>\nLa Residenza \u00e8 uno dei centri nevralgici della vita dell\u2019Ambasciata e della comunit\u00e0 italiana, oltre che un punto di riferimento per le personalit\u00e0 del nostro Paese che vengono in visita in Georgia. E\u2019 qui che hanno spesso luogo importanti momenti d\u2019incontro con le autorit\u00e0 del Paese ospite e con gli esponenti della societ\u00e0 civile georgiana, oltre che con i rappresentanti delle diplomazie degli altri Paesi.<\/p>\n<p>&nbsp;<\/p>\n<p><img loading=\"lazy\" decoding=\"async\" class=\"aligncenter wp-image-4315 img-fluid\" src=\"https:\/\/ambtbilisi.esteri.it\/wp-content\/uploads\/2024\/12\/3-1024x701.jpg\" alt=\"\" width=\"372\" height=\"255\" srcset=\"https:\/\/ambtbilisi.esteri.it\/wp-content\/uploads\/2024\/12\/3-1024x701.jpg 1024w, https:\/\/ambtbilisi.esteri.it\/wp-content\/uploads\/2024\/12\/3-300x205.jpg 300w, https:\/\/ambtbilisi.esteri.it\/wp-content\/uploads\/2024\/12\/3-768x526.jpg 768w, https:\/\/ambtbilisi.esteri.it\/wp-content\/uploads\/2024\/12\/3.jpg 1037w\" sizes=\"auto, (max-width: 372px) 100vw, 372px\" \/><\/p>\n","protected":false},"excerpt":{"rendered":"L\u2019Ambasciata L\u2019Ambasciata d\u2019Italia ha sede nel cuore dello storico quartiere di Mtatsminda. Questa parte della citt\u00e0, a pochi passi da Via Rustaveli e da Piazza della Libert\u00e0, il cuore della Capitale, conserva un\u2019atmosfera di antico crocevia eurasiatico, con vicoli tortuosi, vecchi palazzi, piazze alberate e un gran numero di bar e caff\u00e8 sempre frequentati. Il [&hellip;]","protected":false},"author":1,"featured_media":0,"parent":13,"menu_order":2,"comment_status":"closed","ping_status":"closed","template":"","meta":{"footnotes":""},"class_list":["post-39","page","type-page","status-publish","hentry"],"_links":{"self":[{"href":"https:\/\/ambtbilisi.esteri.it\/it\/wp-json\/wp\/v2\/pages\/39","targetHints":{"allow":["GET"]}}],"collection":[{"href":"https:\/\/ambtbilisi.esteri.it\/it\/wp-json\/wp\/v2\/pages"}],"about":[{"href":"https:\/\/ambtbilisi.esteri.it\/it\/wp-json\/wp\/v2\/types\/page"}],"author":[{"embeddable":true,"href":"https:\/\/ambtbilisi.esteri.it\/it\/wp-json\/wp\/v2\/users\/1"}],"replies":[{"embeddable":true,"href":"https:\/\/ambtbilisi.esteri.it\/it\/wp-json\/wp\/v2\/comments?post=39"}],"version-history":[{"count":7,"href":"https:\/\/ambtbilisi.esteri.it\/it\/wp-json\/wp\/v2\/pages\/39\/revisions"}],"predecessor-version":[{"id":6818,"href":"https:\/\/ambtbilisi.esteri.it\/it\/wp-json\/wp\/v2\/pages\/39\/revisions\/6818"}],"up":[{"embeddable":true,"href":"https:\/\/ambtbilisi.esteri.it\/it\/wp-json\/wp\/v2\/pages\/13"}],"wp:attachment":[{"href":"https:\/\/ambtbilisi.esteri.it\/it\/wp-json\/wp\/v2\/media?parent=39"}],"curies":[{"name":"wp","href":"https:\/\/api.w.org\/{rel}","templated":true}]}}