{"id":101,"date":"2023-04-11T18:24:57","date_gmt":"2023-04-11T16:24:57","guid":{"rendered":"https:\/\/ambasciatapraga.esteri.it\/?page_id=101"},"modified":"2025-09-29T12:38:52","modified_gmt":"2025-09-29T08:38:52","slug":"lingua-e-cultura-italiana","status":"publish","type":"page","link":"https:\/\/ambtbilisi.esteri.it\/it\/italia-e-georgia\/diplomazia-culturale\/lingua-e-cultura-italiana\/","title":{"rendered":"Lingua e Cultura italiana"},"content":{"rendered":"<p>La lingua e la cultura italiane godono di notevole prestigio ed ammirazione in Georgia e sono oggetto di crescente interesse.<\/p>\n<p>Dal 2018, grazie al programma dell\u2019inserimento della lingua italiana come seconda lingua straniera obbligatoria nelle scuole pubbliche e private della Georgia, il numero degli studenti che hanno scelto di studiare l\u2019italiano nelle scuole \u00e8 aumentato nel modo esponenziale, raggiungendo la cifra complessiva di 63 scuole pubbliche e private della Georgia a beneficio di circa 9000 studenti nella capitale e nelle varie regioni del Paese.<\/p>\n<p>Dal 1996, opera a Tbilisi la <a href=\"https:\/\/italianschool.edupage.org\/\"><strong>Scuola \u201cTsiskari\u201d<\/strong><\/a>, un istituto frequentato da oltre 250 studenti, unico a offrire l\u2019italiano come prima lingua straniera, obbligatoria per tutti, dove dall\u2019anno scolastico 2017-2018 funziona un curricolo bilingue georgiano-italiano per le classi VIII-XII con il titolo di studio finale riconosciuto da parte del Ministero dell\u2019Istruzione e del Merito italiano che permette l\u2019iscrizione presso le universit\u00e0 italiane senza necessit\u00e0 di superare l\u2019esame di idoneit\u00e0 linguistica in lingua italiana e al di fuori del limite dei posti previsti per gli studenti internazionali.<\/p>\n<p>Intensa \u00e8 la cooperazione universitaria e il numero di atenei italiani che stipulano\u00a0accordi\u00a0con universit\u00e0 georgiane cresce di anno in anno. Anche in questo settore, il Ministero degli Affari Esteri e della Cooperazione Internazionale apporta il suo contributo, erogando a studenti georgiani attraverso l\u2019Ambasciata a Tbilisi, numerose\u00a0borse di studio, cui si aggiungono quelle concesse da altri organismi italiani.<\/p>\n<p>I corsi di studio in italianistica (laurea triennale, magistrale e dottorato) sono attivati presso la maggiore universit\u00e0 statale georgiana, Universit\u00e0 Statale di Tbilisi Ivane Javakhishvili (TSU) dove \u00e8 attivo il lettorato MAECI.<\/p>\n<p>Gli atenei georgiani che offrono corsi di lingua e cultura italiana sia a Tbilisi che nelle regioni sono complessivamente 14:<\/p>\n<ul>\n<li><a href=\"https:\/\/www.tsu.ge\/\"><strong>Universit\u00e0 Statale di Tbilisi Ivane Javakhishvili (TSU)<\/strong><\/a><\/li>\n<li><a href=\"https:\/\/iliauni.edu.ge\/en\/\"><strong>Universit\u00e0 Statale Ilia (ILIAUNI)<\/strong><\/a><\/li>\n<li><strong><a href=\"https:\/\/gtu.ge\/\">Universit\u00e0 Tecnica della Georgia (GTU<\/a>)<\/strong><\/li>\n<li><a href=\"https:\/\/ug.edu.ge\/\"><strong>Universit\u00e0 della Georgia (UG)<\/strong><\/a><\/li>\n<li><a href=\"https:\/\/btu.edu.ge\/\"><strong>Universit\u00e0 degli Affari e delle Tecnologie (BTU)<\/strong><\/a><\/li>\n<li><a href=\"https:\/\/cu.edu.ge\/\"><strong>Caucasus University <\/strong><\/a><\/li>\n<li><a href=\"https:\/\/www.sou.edu.ge\/\"><strong>Universit\u00e0 Statale di Sokhumi (SOU)<\/strong><\/a><\/li>\n<li><a href=\"https:\/\/www.gu.edu.ge\/\"><strong>Universit\u00e0 Statale di Gori (GU)<\/strong><\/a><\/li>\n<li><a href=\"https:\/\/tesau.edu.ge\/\"><strong>Universit\u00e0 Statale di Telavi (TESAU)<\/strong><\/a><\/li>\n<li><a href=\"https:\/\/tsc.edu.ge\/\"><strong>Conservatorio Statale Vano Sarajishvili di Tbilisi <\/strong><\/a><\/li>\n<li><strong><a href=\"https:\/\/batu.edu.ge\/\">Universit\u00e0 degli studi dell\u2019Arte di Batumi<\/a><\/strong><\/li>\n<li><a href=\"https:\/\/seu.edu.ge\/\"><strong>Universit\u00e0 Nazionale della Georgia (SEU)<\/strong><\/a><\/li>\n<li><a href=\"https:\/\/www.sangu.edu.ge\/\"><strong>Universit\u00e0 del Patriarcato della Georgia Sant\u2019Andrea, il primo chiamato (SANGU)<\/strong><\/a><\/li>\n<li><a href=\"https:\/\/tsmu.edu\/ts\/\"><strong>Universit\u00e0 Statale di Medicina di Tbilisi (TSMU)<\/strong><\/a><\/li>\n<\/ul>\n<p>Numerosi sono, infine, i centri e le associazioni locali che promuovono la lingua e la cultura italiane.\u00a0Tra essi, il <a href=\"https:\/\/dantetbilisi.ge\/\"><strong>Comitato della societ\u00e0 Dante Alighieri<\/strong><\/a> che organizza corsi di italiano e di preparazione per le certificazioni PLIDA, il <a href=\"https:\/\/www.facebook.com\/polominervaedu\"><strong>Polo per l\u2019Istruzione Minerva<\/strong><\/a>, ente coordinatore dell\u2019insegnamento della lingua italiana nelle scuole della Georgia e il <strong><a href=\"https:\/\/www.facebook.com\/Italiurikulturiscentriofficial\/\">Centro di Cultura Italiana dell\u2019Universit\u00e0 Statale Ilia<\/a><\/strong>.<\/p>\n","protected":false},"excerpt":{"rendered":"La lingua e la cultura italiane godono di notevole prestigio ed ammirazione in Georgia e sono oggetto di crescente interesse. Dal 2018, grazie al programma dell\u2019inserimento della lingua italiana come seconda lingua straniera obbligatoria nelle scuole pubbliche e private della Georgia, il numero degli studenti che hanno scelto di studiare l\u2019italiano nelle scuole \u00e8 aumentato [&hellip;]","protected":false},"author":1,"featured_media":0,"parent":44,"menu_order":0,"comment_status":"closed","ping_status":"closed","template":"","meta":{"footnotes":""},"class_list":["post-101","page","type-page","status-publish","hentry"],"_links":{"self":[{"href":"https:\/\/ambtbilisi.esteri.it\/it\/wp-json\/wp\/v2\/pages\/101","targetHints":{"allow":["GET"]}}],"collection":[{"href":"https:\/\/ambtbilisi.esteri.it\/it\/wp-json\/wp\/v2\/pages"}],"about":[{"href":"https:\/\/ambtbilisi.esteri.it\/it\/wp-json\/wp\/v2\/types\/page"}],"author":[{"embeddable":true,"href":"https:\/\/ambtbilisi.esteri.it\/it\/wp-json\/wp\/v2\/users\/1"}],"replies":[{"embeddable":true,"href":"https:\/\/ambtbilisi.esteri.it\/it\/wp-json\/wp\/v2\/comments?post=101"}],"version-history":[{"count":6,"href":"https:\/\/ambtbilisi.esteri.it\/it\/wp-json\/wp\/v2\/pages\/101\/revisions"}],"predecessor-version":[{"id":6462,"href":"https:\/\/ambtbilisi.esteri.it\/it\/wp-json\/wp\/v2\/pages\/101\/revisions\/6462"}],"up":[{"embeddable":true,"href":"https:\/\/ambtbilisi.esteri.it\/it\/wp-json\/wp\/v2\/pages\/44"}],"wp:attachment":[{"href":"https:\/\/ambtbilisi.esteri.it\/it\/wp-json\/wp\/v2\/media?parent=101"}],"curies":[{"name":"wp","href":"https:\/\/api.w.org\/{rel}","templated":true}]}}